{"id":5804,"date":"2019-03-14T08:14:36","date_gmt":"2019-03-14T07:14:36","guid":{"rendered":"https:\/\/melo.no\/?page_id=5804"},"modified":"2026-03-07T09:04:30","modified_gmt":"2026-03-07T08:04:30","slug":"om-advokatfirmaet-melo","status":"publish","type":"page","link":"https:\/\/melo.no\/en\/om-advokatfirmaet-melo\/","title":{"rendered":"Law Firm Mel\u00f8"},"content":{"rendered":"<div id=\"fws_69f35460a957e\"  data-midnight=\"dark\"  data-bg-mobile-hidden=\"\" class=\"wpb_row vc_row-fluid vc_row full-width-content  vc_row-o-equal-height vc_row-flex  vc_row-o-content-middle standard_section\"  style=\"padding-top: 0px; padding-bottom: 0px; \"><div class=\"row-bg-wrap\" data-bg-animation=\"none\"><div class=\"inner-wrap\"><div class=\"row-bg using-bg-color\"  style=\"background-color: #ffffff; \"><\/div><\/div><div class=\"row-bg-overlay\" ><\/div><\/div><div class=\"col span_12 dark left\">\n\t<div style=\"\" class=\"vc_col-sm-6 wpb_column column_container vc_column_container col padding-10-percent\" data-using-bg=\"true\" data-t-w-inherits=\"default\" data-border-radius=\"none\" data-shadow=\"none\" data-border-animation=\"\" data-border-animation-delay=\"\" data-border-width=\"none\" data-border-style=\"solid\" data-border-color=\"\" data-bg-cover=\"\" data-padding-pos=\"all\" data-has-bg-color=\"true\" data-bg-color=\"#f4f4f4\" data-bg-opacity=\"1\" data-hover-bg=\"\" data-hover-bg-opacity=\"1\" data-animation=\"\" data-delay=\"0\" ><div class=\"column-bg-overlay\" style=\"opacity: 1; background-color: #f4f4f4;\"><\/div>\n\t\t<div class=\"vc_column-inner\">\n\t\t\t<div class=\"wpb_wrapper\">\n\t\t\t\t<div id=\"fws_69f35460a9bb0\" data-midnight=\"\" data-column-margin=\"default\" data-bg-mobile-hidden=\"\" class=\"wpb_row vc_row-fluid vc_row inner_row standard_section\"  style=\"padding-top: 0px; padding-bottom: 0px; \"><div class=\"row-bg-wrap\"> <div class=\"row-bg\"  style=\"\"><\/div> <\/div><div class=\"col span_12  left\">\n\t<div  class=\"vc_col-sm-12 wpb_column column_container vc_column_container col has-animation no-extra-padding\"   data-t-w-inherits=\"default\" data-shadow=\"none\" data-border-radius=\"none\" data-border-animation=\"\" data-border-animation-delay=\"\" data-border-width=\"none\" data-border-style=\"solid\" data-border-color=\"\" data-bg-cover=\"\" data-padding-pos=\"all\" data-has-bg-color=\"false\" data-bg-color=\"\" data-bg-opacity=\"1\" data-hover-bg=\"\" data-hover-bg-opacity=\"1\" data-animation=\"fade-in-from-bottom\" data-delay=\"0\"><div class=\"column-bg-overlay\"><\/div>\n\t\t<div class=\"vc_column-inner\">\n\t\t<div class=\"wpb_wrapper\">\n\t\t\t<h5 style=\"text-align: left\" class=\"vc_custom_heading\" >Law Firm Mel\u00f8<\/h5><h1 style=\"font-size: 40px;line-height: 50px;text-align: left\" class=\"vc_custom_heading\" >More than just tax<\/h1><p style=\"color: #000000;text-align: left\" class=\"vc_custom_heading\" >Mel\u00f8 is highly regarded as one of the country's leading tax law firms. Our lawyers have numerous years of experience within tax planning, consulting and assistance in matters of both domestic and international tax.<\/p>\n<p>A significant portion of our portfolio relates to tax planning, consulting and compliance for personal taxpayers immigrating to, or emigrating from Norway. Through our unique global network we are able to deliver complete solutions, with both Norwegian and foreign perspectives.<\/p>\n<p>Further, we provide high-end expertise in other areas as employment law, real estate law, corporate law and litigation. As a small niche firm, we are able to deliver efficient and flexible solutions, without any costly middle management.<\/p><a class=\"nectar-button large see-through-2\"  style=\"margin-top: 30px; \"  href=\"https:\/\/melo.no\/en\/om-advokatfirmaet-melo\/kompetanse\/\" data-color-override=\"false\" data-hover-color-override=\"false\" data-hover-text-color-override=\"#ffffff\"><span>Read more<\/span><\/a>\n\t\t<\/div> \n\t<\/div>\n\t<\/div> \n<\/div><\/div>\n\t\t\t<\/div> \n\t\t<\/div>\n\t<\/div> \n\n\t<div style=\"\" class=\"vc_col-sm-6 vc_hidden-xs wpb_column column_container vc_column_container col no-extra-padding\" data-using-bg=\"true\" data-t-w-inherits=\"default\" data-border-radius=\"none\" data-shadow=\"none\" data-border-animation=\"\" data-border-animation-delay=\"\" data-border-width=\"none\" data-border-style=\"solid\" data-border-color=\"\" data-bg-cover=\"true\" data-padding-pos=\"all\" data-has-bg-color=\"false\" data-bg-color=\"\" data-bg-opacity=\"1\" data-hover-bg=\"\" data-hover-bg-opacity=\"1\" data-animation=\"\" data-delay=\"0\" ><div class=\"column-image-bg-wrap\" data-bg-animation=\"none\"><div class=\"inner-wrap\"><div class=\"column-image-bg\" style=\" background-image: url('https:\/\/melo.no\/wp-content\/uploads\/2024\/02\/DSC4277_WEB.jpg'); \"><\/div><\/div><\/div><div class=\"column-bg-overlay\"><\/div>\n\t\t<div class=\"vc_column-inner\">\n\t\t\t<div class=\"wpb_wrapper\">\n\t\t\t\t\n\t\t\t<\/div> \n\t\t<\/div>\n\t<\/div> \n<\/div><\/div>\n\t\t<div id=\"fws_69f35460ab459\"  data-midnight=\"dark\" data-top-percent=\"4%\" data-bottom-percent=\"5%\"  data-bg-mobile-hidden=\"\" class=\"wpb_row vc_row-fluid vc_row full-width-content standard_section\"  style=\"padding-top: calc(100vw * 0.04); padding-bottom: calc(100vw * 0.05); \"><div class=\"row-bg-wrap\" data-bg-animation=\"none\"><div class=\"inner-wrap\"><div class=\"row-bg\"  style=\"\"><\/div><\/div><div class=\"row-bg-overlay\" ><\/div><\/div><div class=\"col span_12 dark left\">\n\t<div  class=\"vc_col-sm-12 wpb_column column_container vc_column_container col no-extra-padding\"  data-t-w-inherits=\"default\" data-border-radius=\"none\" data-shadow=\"none\" data-border-animation=\"\" data-border-animation-delay=\"\" data-border-width=\"none\" data-border-style=\"solid\" data-border-color=\"\" data-bg-cover=\"\" data-padding-pos=\"all\" data-has-bg-color=\"false\" data-bg-color=\"\" data-bg-opacity=\"1\" data-hover-bg=\"\" data-hover-bg-opacity=\"1\" data-animation=\"\" data-delay=\"0\" ><div class=\"column-bg-overlay\"><\/div>\n\t\t<div class=\"vc_column-inner\">\n\t\t\t<div class=\"wpb_wrapper\">\n\t\t\t\t<div class=\"col span_12 testimonial_slider\" data-color=\"accent-color-dark\"  data-rating-color=\"accent-color\" data-add-border=\"\" data-autorotate=\"\" data-style=\"multiple_visible\" ><div class=\"slides\"><div class=\"flickity-viewport\"> <div class=\"flickity-slider\"><blockquote> <div data-shadow=\"\" class=\"image-icon\" >&#8220;<\/div> <p>Har snakket med mange advokater, men f\u00e5 har gitt meg s\u00e5 presis hjelp. <span class=\"bottom-arrow\"><\/span><\/p><span class=\"testimonial-name\">Client in Google review<\/span><span class=\"title\"><\/span><\/blockquote><blockquote> <div data-shadow=\"\" class=\"image-icon\" >&#8220;<\/div> <p>Rask og helprofesjonell, meget dyktig og etterrettelig. <span class=\"bottom-arrow\"><\/span><\/p><span class=\"testimonial-name\">Client in Google review<\/span><span class=\"title\"><\/span><\/blockquote><blockquote> <div data-shadow=\"\" class=\"image-icon\" >&#8220;<\/div> <p>Proff, grundig og med \u00f8ye for detaljer. <span class=\"bottom-arrow\"><\/span><\/p><span class=\"testimonial-name\">Client in Google review<\/span><span class=\"title\"><\/span><\/blockquote><\/div><\/div><\/div><\/div>\n\t\t\t<\/div> \n\t\t<\/div>\n\t<\/div> \n<\/div><\/div>\n\t\t<div id=\"fws_69f35460abcd5\"  data-midnight=\"dark\" data-top-percent=\"2%\" data-bottom-percent=\"2%\"  data-bg-mobile-hidden=\"\" class=\"wpb_row vc_row-fluid vc_row full-width-section standard_section\"  style=\"padding-top: calc(100vw * 0.02); padding-bottom: calc(100vw * 0.02); \"><div class=\"row-bg-wrap\" data-bg-animation=\"fade-in\"><div class=\"inner-wrap\"><div class=\"row-bg using-bg-color\"  style=\"background-color: #f4f4f4; \"><\/div><\/div><div class=\"row-bg-overlay\" ><\/div><\/div><div class=\"col span_12 dark left\">\n\t<div  class=\"vc_col-sm-12 wpb_column column_container vc_column_container col no-extra-padding\"  data-t-w-inherits=\"default\" data-border-radius=\"none\" data-shadow=\"none\" data-border-animation=\"\" data-border-animation-delay=\"\" data-border-width=\"none\" data-border-style=\"solid\" data-border-color=\"\" data-bg-cover=\"\" data-padding-pos=\"all\" data-has-bg-color=\"false\" data-bg-color=\"\" data-bg-opacity=\"1\" data-hover-bg=\"\" data-hover-bg-opacity=\"1\" data-animation=\"\" data-delay=\"0\" ><div class=\"column-bg-overlay\"><\/div>\n\t\t<div class=\"vc_column-inner\">\n\t\t\t<div class=\"wpb_wrapper\">\n\t\t\t\t\t\r\n\t<div class=\"carousel-wrap\" data-full-width=\"false\">\r\n\t<div class=\"carousel-heading\">\r\n\t\t<div class=\"container\">\r\n\t\t\t<h2 class=\"uppercase\"><\/h2>\r\n\t\t\t<div class=\"control-wrap\">\r\n\t\t\t\t<a class=\"carousel-prev\" href=\"#\"><i class=\"icon-angle-left\"><\/i><\/a>\r\n\t\t\t\t<a class=\"carousel-next\" href=\"#\"><i class=\"icon-angle-right\"><\/i><\/a>\r\n\t\t\t<\/div>\r\n\t\t<\/div>\r\n\t<\/div>\r\n\t<ul class=\"row carousel\" data-scroll-speed=\"250\" data-easing=\"linear\" data-autorotate=\"\">\r\n\t<li class=\"col span_4\"><div class=\"team-member\" data-style=\"meta_below\"><a href=\"https:\/\/melo.no\/en\/om-advokatfirmaet-melo\/martin-edelsteen-woll\/\" ><img decoding=\"async\" alt=\"Martin Edelsteen Woll\" src=\"https:\/\/melo.no\/wp-content\/uploads\/2022\/05\/Martin-1-scaled.jpg\" title=\"Martin Edelsteen Woll\" \/><\/a><h4 class=\"light\"><a class=\"accent-color\" href=\"https:\/\/melo.no\/en\/om-advokatfirmaet-melo\/martin-edelsteen-woll\/\" >Martin Edelsteen Woll<\/a><\/h4><div class=\"position\">Lawyer<\/div><p class=\"description\">mwoll@melo.no<br \/>\n+47 414 87 832<\/p><\/div><\/li><li class=\"col span_4\"><div class=\"team-member\" data-style=\"meta_below\"><a href=\"https:\/\/melo.no\/en\/om-advokatfirmaet-melo\/atlemelo\/\" ><img decoding=\"async\" alt=\"Atle Mel\u00f8\" src=\"https:\/\/melo.no\/wp-content\/uploads\/2021\/08\/Atle-Melo-10.8-scaled.jpg\" title=\"Atle Mel\u00f8\" \/><\/a><h4 class=\"light\"><a class=\"accent-color\" href=\"https:\/\/melo.no\/en\/om-advokatfirmaet-melo\/atlemelo\/\" >Atle Mel\u00f8<\/a><\/h4><div class=\"position\">Partner<\/div><p class=\"description\">amelo@melo.no<br \/>\n+47 951 80 979<\/p><\/div><\/li><li class=\"col span_4\"><div class=\"team-member\" data-style=\"meta_below\"><a href=\"https:\/\/melo.no\/en\/om-advokatfirmaet-melo\/bjornaroust\/\" ><img decoding=\"async\" alt=\"Bj\u00f8rnar Oust\" src=\"https:\/\/melo.no\/wp-content\/uploads\/2021\/08\/Bjornar-Oust-10.8-scaled.jpg\" title=\"Bj\u00f8rnar Oust\" \/><\/a><h4 class=\"light\"><a class=\"accent-color\" href=\"https:\/\/melo.no\/en\/om-advokatfirmaet-melo\/bjornaroust\/\" >Bj\u00f8rnar Oust<\/a><\/h4><div class=\"position\">Partner<\/div><p class=\"description\">boust@melo.no<br \/>\n+47 480 42 931<\/p><\/div><\/li><li class=\"col span_4\"><div class=\"team-member\" data-style=\"meta_below\"><a href=\"\" ><img decoding=\"async\" alt=\"Kommer\" src=\"https:\/\/melo.no\/wp-content\/plugins\/salient-core\/includes\/img\/team-member-default.jpg\" title=\"Kommer\" \/><\/a><h4 class=\"light\"><a class=\"accent-color\" href=\"\" >Kommer<\/a><\/h4><div class=\"position\"><\/div><p class=\"description\"><\/p><\/div><\/li><\/ul><\/div>\n\t\t\t<\/div> \n\t\t<\/div>\n\t<\/div> \n<\/div><\/div>\n\t\t<div id=\"fws_69f35460ad5bf\"  data-midnight=\"light\" data-top-percent=\"6%\" data-bottom-percent=\"6%\"  data-bg-mobile-hidden=\"\" class=\"wpb_row vc_row-fluid vc_row full-width-section  vc_row-o-equal-height vc_row-flex  vc_row-o-content-middle standard_section\"  style=\"padding-top: calc(100vw * 0.06); padding-bottom: calc(100vw * 0.06); \"><div class=\"row-bg-wrap\" data-bg-animation=\"none\"><div class=\"inner-wrap using-image\"><div class=\"row-bg using-image\"  style=\"background-image: url(https:\/\/melo.no\/wp-content\/uploads\/2020\/10\/Kalender.jpg); background-position: center center; background-repeat: no-repeat; \"><\/div><\/div><div class=\"row-bg-overlay\" style=\"background-color:rgba(10,6,6,0.84);  opacity: 0.5; \"><\/div><\/div><div class=\"col span_12 light left\">\n\t<div  class=\"vc_col-sm-12 wpb_column column_container vc_column_container col no-extra-padding\"  data-t-w-inherits=\"default\" data-border-radius=\"none\" data-shadow=\"none\" data-border-animation=\"\" data-border-animation-delay=\"\" data-border-width=\"none\" data-border-style=\"solid\" data-border-color=\"\" data-bg-cover=\"\" data-padding-pos=\"all\" data-has-bg-color=\"false\" data-bg-color=\"\" data-bg-opacity=\"1\" data-hover-bg=\"\" data-hover-bg-opacity=\"1\" data-animation=\"\" data-delay=\"0\" ><div class=\"column-bg-overlay\"><\/div>\n\t\t<div class=\"vc_column-inner\">\n\t\t\t<div class=\"wpb_wrapper\">\n\t\t\t\t<div id=\"fws_69f35460ad9bf\" data-midnight=\"\" data-column-margin=\"default\" data-bg-mobile-hidden=\"\" class=\"wpb_row vc_row-fluid vc_row inner_row standard_section\"  style=\"padding-top: 0px; padding-bottom: 0px; \"><div class=\"row-bg-wrap\"> <div class=\"row-bg\"  style=\"\"><\/div> <\/div><div class=\"col span_12  left\">\n\t<div  class=\"vc_col-sm-2 wpb_column column_container vc_column_container col no-extra-padding\"   data-t-w-inherits=\"default\" data-shadow=\"none\" data-border-radius=\"none\" data-border-animation=\"\" data-border-animation-delay=\"\" data-border-width=\"none\" data-border-style=\"solid\" data-border-color=\"\" data-bg-cover=\"\" data-padding-pos=\"all\" data-has-bg-color=\"false\" data-bg-color=\"\" data-bg-opacity=\"1\" data-hover-bg=\"\" data-hover-bg-opacity=\"1\" data-animation=\"\" data-delay=\"0\"><div class=\"column-bg-overlay\"><\/div>\n\t\t<div class=\"vc_column-inner\">\n\t\t<div class=\"wpb_wrapper\">\n\t\t\t\n\t\t<\/div> \n\t<\/div>\n\t<\/div> \n\n\t<div  class=\"vc_col-sm-8 wpb_column column_container vc_column_container col centered-text padding-2-percent\"   data-t-w-inherits=\"default\" data-shadow=\"none\" data-border-radius=\"none\" data-border-animation=\"\" data-border-animation-delay=\"\" data-border-width=\"none\" data-border-style=\"solid\" data-border-color=\"\" data-bg-cover=\"\" data-padding-pos=\"left-right\" data-has-bg-color=\"false\" data-bg-color=\"\" data-bg-opacity=\"1\" data-hover-bg=\"\" data-hover-bg-opacity=\"1\" data-animation=\"\" data-delay=\"0\"><div class=\"column-bg-overlay\"><\/div>\n\t\t<div class=\"vc_column-inner\">\n\t\t<div class=\"wpb_wrapper\">\n\t\t\t<h2 style=\"font-size: 40px;line-height: 52px;text-align: center\" class=\"vc_custom_heading wpb_animate_when_almost_visible wpb_fadeInUp fadeInUp\" >Get in touch with us<\/h2><div class=\"divider-wrap\" data-alignment=\"default\"><div style=\"height: 40px;\" class=\"divider\"><\/div><\/div><a class=\"nectar-button large see-through-3  has-icon wpb_animate_when_almost_visible wpb_zoomIn zoomIn\"  style=\"\"  href=\"https:\/\/melo.no\/en\/om-advokatfirmaet-melo\/kontakt-oss\/\" data-color-override=\"false\" data-hover-color-override=\"false\" data-hover-text-color-override=\"#ffffff\"><span>Send us a non-binding inquiry<\/span><i  class=\"fa fa-arrow-right\"><\/i><\/a>\n\t\t<\/div> \n\t<\/div>\n\t<\/div> \n\n\t<div  class=\"vc_col-sm-2 wpb_column column_container vc_column_container col no-extra-padding\"   data-t-w-inherits=\"default\" data-shadow=\"none\" data-border-radius=\"none\" data-border-animation=\"\" data-border-animation-delay=\"\" data-border-width=\"none\" data-border-style=\"solid\" data-border-color=\"\" data-bg-cover=\"\" data-padding-pos=\"all\" data-has-bg-color=\"false\" data-bg-color=\"\" data-bg-opacity=\"1\" data-hover-bg=\"\" data-hover-bg-opacity=\"1\" data-animation=\"\" data-delay=\"0\"><div class=\"column-bg-overlay\"><\/div>\n\t\t<div class=\"vc_column-inner\">\n\t\t<div class=\"wpb_wrapper\">\n\t\t\t\n\t\t<\/div> \n\t<\/div>\n\t<\/div> \n<\/div><\/div>\n\t\t\t<\/div> \n\t\t<\/div>\n\t<\/div> \n<\/div><\/div>\n\t\t<div id=\"fws_69f35460ae4cd\"  data-midnight=\"dark\"  data-bg-mobile-hidden=\"\" class=\"wpb_row vc_row-fluid vc_row full-width-content standard_section\"  style=\"padding-top: 0px; padding-bottom: 0px; \"><div class=\"row-bg-wrap\" data-bg-animation=\"none\"><div class=\"inner-wrap\"><div class=\"row-bg\"  style=\"\"><\/div><\/div><div class=\"row-bg-overlay\" ><\/div><\/div><div class=\"col span_12 dark left\">\n\t<div  class=\"vc_col-sm-12 wpb_column column_container vc_column_container col padding-1-percent\"  data-t-w-inherits=\"default\" data-border-radius=\"none\" data-shadow=\"none\" data-border-animation=\"\" data-border-animation-delay=\"\" data-border-width=\"none\" data-border-style=\"solid\" data-border-color=\"\" data-bg-cover=\"\" data-padding-pos=\"all\" data-has-bg-color=\"false\" data-bg-color=\"\" data-bg-opacity=\"1\" data-hover-bg=\"\" data-hover-bg-opacity=\"1\" data-animation=\"\" data-delay=\"0\" ><div class=\"column-bg-overlay\"><\/div>\n\t\t<div class=\"vc_column-inner\">\n\t\t\t<div class=\"wpb_wrapper\">\n\t\t\t\t<div class=\"divider-wrap\" data-alignment=\"default\"><div style=\"margin-top: 10px; height: 1px; margin-bottom: 10px;\" data-width=\"100%\" data-animate=\"\" data-animation-delay=\"\" data-color=\"accent-color\" class=\"divider-border\"><\/div><\/div><div id=\"fws_69f35460ae951\" data-midnight=\"\" data-column-margin=\"default\" data-bg-mobile-hidden=\"\" class=\"wpb_row vc_row-fluid vc_row inner_row standard_section\"  style=\"padding-top: 0px; padding-bottom: 0px; \"><div class=\"row-bg-wrap\"> <div class=\"row-bg\"  style=\"\"><\/div> <\/div><div class=\"col span_12  left\">\n\t<div  class=\"vc_col-sm-6 wpb_column column_container vc_column_container col padding-1-percent\"   data-t-w-inherits=\"default\" data-shadow=\"none\" data-border-radius=\"none\" data-border-animation=\"\" data-border-animation-delay=\"\" data-border-width=\"none\" data-border-style=\"solid\" data-border-color=\"\" data-bg-cover=\"\" data-padding-pos=\"all\" data-has-bg-color=\"false\" data-bg-color=\"\" data-bg-opacity=\"1\" data-hover-bg=\"\" data-hover-bg-opacity=\"1\" data-animation=\"\" data-delay=\"0\"><div class=\"column-bg-overlay\"><\/div>\n\t\t<div class=\"vc_column-inner\">\n\t\t<div class=\"wpb_wrapper\">\n\t\t\t<div class=\"nectar-fancy-box\" data-style=\"default\" data-animation=\"\" data-border=\"\" data-box-color-opacity=\"1\" data-delay=\"\" data-alignment=\"left\" data-color=\"accent-color\" ><div class=\"box-bg\" ><\/div> <div class=\"inner\" style=\"min-height: 300px\">\n<h3>Trondheim<\/h3>\n<p>Tel 73 52 44 10<br \/>\n<a href=\"mailto:post@melo.no\">post@melo.no<\/a><\/p>\n<p><strong>Office address<\/strong><br \/>\nHavnegata 9<br \/>\nPirsenteret entrance no. 2<\/p>\n<p><strong>Postal address<\/strong><br \/>\nP.O. Box 1206 Torgard<br \/>\n7462 Trondheim<\/div>  <a  href=\"https:\/\/melo.no\/en\/om-advokatfirmaet-melo\/kontakt-oss\/\" class=\"box-link\"><\/a> <\/div>\n\t\t<\/div> \n\t<\/div>\n\t<\/div> \n\n\t<div  class=\"vc_col-sm-6 wpb_column column_container vc_column_container col padding-1-percent\"   data-t-w-inherits=\"default\" data-shadow=\"none\" data-border-radius=\"none\" data-border-animation=\"\" data-border-animation-delay=\"\" data-border-width=\"none\" data-border-style=\"solid\" data-border-color=\"\" data-bg-cover=\"\" data-padding-pos=\"all\" data-has-bg-color=\"false\" data-bg-color=\"\" data-bg-opacity=\"1\" data-hover-bg=\"\" data-hover-bg-opacity=\"1\" data-animation=\"\" data-delay=\"0\"><div class=\"column-bg-overlay\"><\/div>\n\t\t<div class=\"vc_column-inner\">\n\t\t<div class=\"wpb_wrapper\">\n\t\t\t<div class=\"nectar-fancy-box using-img\" data-style=\"default\" data-animation=\"\" data-border=\"\" data-box-color-opacity=\"1\" data-delay=\"\" data-alignment=\"left\" data-color=\"accent-color\" ><div class=\"box-bg\"  style=\"background-image: url(''); \"><\/div> <div class=\"inner\" style=\"min-height: 300px\">\n<h3>Oslo<\/h3>\n<p>Tel 22 83 40 40<br \/>\n<a href=\"mailto:post@melo.no\">post@melo.no<\/a><\/p>\n<p><strong>Office address<\/strong><br \/>\nFridtjof Nansens pl. 4<br \/>\n0160 Oslo<\/p>\n<p><strong>Postal address<\/strong><br \/>\nFridtjof Nansens pl. 4<br \/>\n0160 Oslo<\/div>  <a  href=\"https:\/\/melo.no\/en\/om-advokatfirmaet-melo\/kontakt-oss\/\" class=\"box-link\"><\/a> <\/div>\n\t\t<\/div> \n\t<\/div>\n\t<\/div> \n<\/div><\/div><div class=\"divider-wrap\" data-alignment=\"default\"><div style=\"margin-top: 10px; height: 1px; margin-bottom: 10px;\" data-width=\"100%\" data-animate=\"\" data-animation-delay=\"\" data-color=\"accent-color\" class=\"divider-border\"><\/div><\/div>\n\t\t\t<\/div> \n\t\t<\/div>\n\t<\/div> \n<\/div><\/div>","protected":false},"excerpt":{"rendered":"Mel\u00f8 AdvokatfirmaMer enn bare skattMel\u00f8 er anerkjent som et av landets ledende advokatfirmaer p\u00e5 skatt. V\u00e5re advokater har mange \u00e5rs erfaring med skatteplanlegging, r\u00e5dgivning og bistand i nasjonale og internasjonale...","protected":false},"author":186,"featured_media":0,"parent":0,"menu_order":0,"comment_status":"closed","ping_status":"closed","template":"","meta":{"_analytify_skip_tracking":false,"footnotes":""},"class_list":["post-5804","page","type-page","status-publish"],"yoast_head":"<!-- This site is optimized with the Yoast SEO plugin v27.2 - https:\/\/yoast.com\/product\/yoast-seo-wordpress\/ -->\n<title>Om Mel\u00f8 | Advokatfirmaet Mel\u00f8<\/title>\n<meta name=\"description\" content=\"Mel\u00f8 er anerkjent som et av landets ledende advokatfirmaer p\u00e5 skatt. Vi har lang erfaring innen b\u00e5de nasjonal og internasjonal skatterett.\" \/>\n<meta name=\"robots\" content=\"index, follow, max-snippet:-1, max-image-preview:large, max-video-preview:-1\" \/>\n<link rel=\"canonical\" href=\"https:\/\/melo.no\/en\/om-advokatfirmaet-melo\/\" \/>\n<meta name=\"twitter:label1\" content=\"Estimated reading time\" \/>\n\t<meta name=\"twitter:data1\" content=\"4 minutes\" \/>\n<script type=\"application\/ld+json\" class=\"yoast-schema-graph\">{\"@context\":\"https:\/\/schema.org\",\"@graph\":[{\"@type\":\"WebPage\",\"@id\":\"https:\/\/melo.no\/om-advokatfirmaet-melo\/\",\"url\":\"https:\/\/melo.no\/om-advokatfirmaet-melo\/\",\"name\":\"Om Mel\u00f8 | Advokatfirmaet Mel\u00f8\",\"isPartOf\":{\"@id\":\"https:\/\/melono.wpengine.com\/#website\"},\"datePublished\":\"2019-03-14T07:14:36+00:00\",\"dateModified\":\"2026-03-07T08:04:30+00:00\",\"description\":\"Mel\u00f8 er anerkjent som et av landets ledende advokatfirmaer p\u00e5 skatt. Vi har lang erfaring innen b\u00e5de nasjonal og internasjonal skatterett.\",\"breadcrumb\":{\"@id\":\"https:\/\/melo.no\/om-advokatfirmaet-melo\/#breadcrumb\"},\"inLanguage\":\"en-GB\",\"potentialAction\":[{\"@type\":\"ReadAction\",\"target\":[\"https:\/\/melo.no\/om-advokatfirmaet-melo\/\"]}]},{\"@type\":\"BreadcrumbList\",\"@id\":\"https:\/\/melo.no\/om-advokatfirmaet-melo\/#breadcrumb\",\"itemListElement\":[{\"@type\":\"ListItem\",\"position\":1,\"name\":\"Hjem\",\"item\":\"https:\/\/melo.no\/\"},{\"@type\":\"ListItem\",\"position\":2,\"name\":\"Advokatfirmaet Mel\u00f8\"}]},{\"@type\":\"WebSite\",\"@id\":\"https:\/\/melono.wpengine.com\/#website\",\"url\":\"https:\/\/melono.wpengine.com\/\",\"name\":\"Advokatfirmaet Mel\u00f8 AS\",\"description\":\"Advokat Trondheim\",\"publisher\":{\"@id\":\"https:\/\/melono.wpengine.com\/#organization\"},\"potentialAction\":[{\"@type\":\"SearchAction\",\"target\":{\"@type\":\"EntryPoint\",\"urlTemplate\":\"https:\/\/melono.wpengine.com\/?s={search_term_string}\"},\"query-input\":{\"@type\":\"PropertyValueSpecification\",\"valueRequired\":true,\"valueName\":\"search_term_string\"}}],\"inLanguage\":\"en-GB\"},{\"@type\":\"Organization\",\"@id\":\"https:\/\/melono.wpengine.com\/#organization\",\"name\":\"Advokatfirmaet Mel\u00f8 AS\",\"url\":\"https:\/\/melono.wpengine.com\/\",\"logo\":{\"@type\":\"ImageObject\",\"inLanguage\":\"en-GB\",\"@id\":\"https:\/\/melono.wpengine.com\/#\/schema\/logo\/image\/\",\"url\":\"https:\/\/melo.no\/wp-content\/uploads\/2019\/03\/Logo-Mel\u00f8-65.png\",\"contentUrl\":\"https:\/\/melo.no\/wp-content\/uploads\/2019\/03\/Logo-Mel\u00f8-65.png\",\"width\":261,\"height\":65,\"caption\":\"Advokatfirmaet Mel\u00f8 AS\"},\"image\":{\"@id\":\"https:\/\/melono.wpengine.com\/#\/schema\/logo\/image\/\"},\"sameAs\":[\"https:\/\/www.facebook.com\/advokatmelo\/\",\"https:\/\/no.linkedin.com\/company\/advokatfirmaet-mel\"]}]}<\/script>\n<!-- \/ Yoast SEO plugin. -->","yoast_head_json":{"title":"Om Mel\u00f8 | Advokatfirmaet Mel\u00f8","description":"Mel\u00f8 er anerkjent som et av landets ledende advokatfirmaer p\u00e5 skatt. Vi har lang erfaring innen b\u00e5de nasjonal og internasjonal skatterett.","robots":{"index":"index","follow":"follow","max-snippet":"max-snippet:-1","max-image-preview":"max-image-preview:large","max-video-preview":"max-video-preview:-1"},"canonical":"https:\/\/melo.no\/en\/om-advokatfirmaet-melo\/","twitter_misc":{"Estimated reading time":"4 minutes"},"schema":{"@context":"https:\/\/schema.org","@graph":[{"@type":"WebPage","@id":"https:\/\/melo.no\/om-advokatfirmaet-melo\/","url":"https:\/\/melo.no\/om-advokatfirmaet-melo\/","name":"Om Mel\u00f8 | Advokatfirmaet Mel\u00f8","isPartOf":{"@id":"https:\/\/melono.wpengine.com\/#website"},"datePublished":"2019-03-14T07:14:36+00:00","dateModified":"2026-03-07T08:04:30+00:00","description":"Mel\u00f8 er anerkjent som et av landets ledende advokatfirmaer p\u00e5 skatt. Vi har lang erfaring innen b\u00e5de nasjonal og internasjonal skatterett.","breadcrumb":{"@id":"https:\/\/melo.no\/om-advokatfirmaet-melo\/#breadcrumb"},"inLanguage":"en-GB","potentialAction":[{"@type":"ReadAction","target":["https:\/\/melo.no\/om-advokatfirmaet-melo\/"]}]},{"@type":"BreadcrumbList","@id":"https:\/\/melo.no\/om-advokatfirmaet-melo\/#breadcrumb","itemListElement":[{"@type":"ListItem","position":1,"name":"Hjem","item":"https:\/\/melo.no\/"},{"@type":"ListItem","position":2,"name":"Advokatfirmaet Mel\u00f8"}]},{"@type":"WebSite","@id":"https:\/\/melono.wpengine.com\/#website","url":"https:\/\/melono.wpengine.com\/","name":"Advokatfirmaet Mel\u00f8 AS","description":"Trondheim","publisher":{"@id":"https:\/\/melono.wpengine.com\/#organization"},"potentialAction":[{"@type":"SearchAction","target":{"@type":"EntryPoint","urlTemplate":"https:\/\/melono.wpengine.com\/?s={search_term_string}"},"query-input":{"@type":"PropertyValueSpecification","valueRequired":true,"valueName":"search_term_string"}}],"inLanguage":"en-GB"},{"@type":"Organization","@id":"https:\/\/melono.wpengine.com\/#organization","name":"Advokatfirmaet Mel\u00f8 AS","url":"https:\/\/melono.wpengine.com\/","logo":{"@type":"ImageObject","inLanguage":"en-GB","@id":"https:\/\/melono.wpengine.com\/#\/schema\/logo\/image\/","url":"https:\/\/melo.no\/wp-content\/uploads\/2019\/03\/Logo-Mel\u00f8-65.png","contentUrl":"https:\/\/melo.no\/wp-content\/uploads\/2019\/03\/Logo-Mel\u00f8-65.png","width":261,"height":65,"caption":"Advokatfirmaet Mel\u00f8 AS"},"image":{"@id":"https:\/\/melono.wpengine.com\/#\/schema\/logo\/image\/"},"sameAs":["https:\/\/www.facebook.com\/advokatmelo\/","https:\/\/no.linkedin.com\/company\/advokatfirmaet-mel"]}]}},"_links":{"self":[{"href":"https:\/\/melo.no\/en\/wp-json\/wp\/v2\/pages\/5804","targetHints":{"allow":["GET"]}}],"collection":[{"href":"https:\/\/melo.no\/en\/wp-json\/wp\/v2\/pages"}],"about":[{"href":"https:\/\/melo.no\/en\/wp-json\/wp\/v2\/types\/page"}],"author":[{"embeddable":true,"href":"https:\/\/melo.no\/en\/wp-json\/wp\/v2\/users\/186"}],"replies":[{"embeddable":true,"href":"https:\/\/melo.no\/en\/wp-json\/wp\/v2\/comments?post=5804"}],"version-history":[{"count":0,"href":"https:\/\/melo.no\/en\/wp-json\/wp\/v2\/pages\/5804\/revisions"}],"wp:attachment":[{"href":"https:\/\/melo.no\/en\/wp-json\/wp\/v2\/media?parent=5804"}],"curies":[{"name":"wp","href":"https:\/\/api.w.org\/{rel}","templated":true}]}}