{"id":5772,"date":"2019-03-13T23:11:00","date_gmt":"2019-03-13T22:11:00","guid":{"rendered":"https:\/\/melo.no\/?page_id=5772"},"modified":"2026-03-07T09:05:02","modified_gmt":"2026-03-07T08:05:02","slug":"kompetanse","status":"publish","type":"page","link":"https:\/\/melo.no\/en\/om-advokatfirmaet-melo\/kompetanse\/","title":{"rendered":"Expertise"},"content":{"rendered":"<div id=\"fws_69ec78e2c8dc6\"  data-midnight=\"dark\"  data-bg-mobile-hidden=\"\" class=\"wpb_row vc_row-fluid vc_row full-width-section standard_section\"  style=\"padding-top: 0px; padding-bottom: 0px; \"><div class=\"row-bg-wrap\" data-bg-animation=\"none\"><div class=\"inner-wrap\"><div class=\"row-bg\"  style=\"\"><\/div><\/div><div class=\"row-bg-overlay\" ><\/div><\/div><div class=\"col span_12 dark left\">\n\t<div  class=\"vc_col-sm-4 wpb_column column_container vc_column_container col padding-2-percent\"  data-t-w-inherits=\"default\" data-border-radius=\"none\" data-shadow=\"none\" data-border-animation=\"\" data-border-animation-delay=\"\" data-border-width=\"none\" data-border-style=\"solid\" data-border-color=\"\" data-bg-cover=\"\" data-padding-pos=\"right\" data-has-bg-color=\"false\" data-bg-color=\"\" data-bg-opacity=\"1\" data-hover-bg=\"\" data-hover-bg-opacity=\"1\" data-animation=\"\" data-delay=\"0\" ><div class=\"column-bg-overlay\"><\/div>\n\t\t<div class=\"vc_column-inner\">\n\t\t\t<div class=\"wpb_wrapper\">\n\t\t\t\t\r\n<div class=\"wpb_text_column wpb_content_element  vc_custom_1772830838320\" >\r\n\t<div class=\"wpb_wrapper\">\r\n\t\t<h1>Our areas of expertise<\/h1>\n<p style=\"font-weight: 400;\">When you find yourself caught up in the middle of certain issues, the situation may appear to be completely unsolvable, with solutions difficult to envisage. We assist you in raising your awareness.<\/p>\n\t<\/div>\r\n<\/div>\r\n\r\n\r\n\r\n<a class=\"nectar-button large see-through-2  has-icon\"  style=\"margin-top: 15px; \"  href=\"https:\/\/melo.no\/en\/om-advokatfirmaet-melo\/kontakt-oss\/\" data-color-override=\"false\" data-hover-color-override=\"false\" data-hover-text-color-override=\"#ffffff\"><span>Contact us<\/span><i  class=\"icon-button-arrow\"><\/i><\/a>\n\t\t\t<\/div> \n\t\t<\/div>\n\t<\/div> \n\n\t<div  class=\"vc_col-sm-8 wpb_column column_container vc_column_container col no-extra-padding\"  data-t-w-inherits=\"default\" data-border-radius=\"none\" data-shadow=\"none\" data-border-animation=\"\" data-border-animation-delay=\"\" data-border-width=\"none\" data-border-style=\"solid\" data-border-color=\"\" data-bg-cover=\"\" data-padding-pos=\"all\" data-has-bg-color=\"false\" data-bg-color=\"\" data-bg-opacity=\"1\" data-hover-bg=\"\" data-hover-bg-opacity=\"1\" data-animation=\"\" data-delay=\"0\" ><div class=\"column-bg-overlay\"><\/div>\n\t\t<div class=\"vc_column-inner\">\n\t\t\t<div class=\"wpb_wrapper\">\n\t\t\t\t<div id=\"fws_69ec78e2c925e\" data-midnight=\"\" data-column-margin=\"default\" data-bg-mobile-hidden=\"\" class=\"wpb_row vc_row-fluid vc_row inner_row standard_section  vc_custom_1504187365562\"  style=\"padding-top: 0px; padding-bottom: 0px; \"><div class=\"row-bg-wrap\"> <div class=\"row-bg\"  style=\"\"><\/div> <\/div><div class=\"col span_12  left\">\n\t<div  class=\"vc_col-sm-6 wpb_column column_container vc_column_container col padding-1-percent\"   data-t-w-inherits=\"default\" data-shadow=\"none\" data-border-radius=\"none\" data-border-animation=\"\" data-border-animation-delay=\"\" data-border-width=\"none\" data-border-style=\"solid\" data-border-color=\"\" data-bg-cover=\"\" data-padding-pos=\"all\" data-has-bg-color=\"false\" data-bg-color=\"\" data-bg-opacity=\"1\" data-hover-bg=\"\" data-hover-bg-opacity=\"1\" data-animation=\"\" data-delay=\"0\"><div class=\"column-bg-overlay\"><\/div>\n\t\t<div class=\"vc_column-inner\">\n\t\t<div class=\"wpb_wrapper\">\n\t\t\t<div class=\"nectar-fancy-box\" data-style=\"color_box_hover\" data-animation=\"\" data-border=\"\" data-box-color-opacity=\"1\" data-delay=\"\" data-alignment=\"left\" data-color=\"extra-color-gradient-2\" ><div class=\"box-inner-wrap\"><div class=\"box-bg\" ><\/div> <div class=\"inner\" style=\"min-height: 200px\"><div class=\"inner-wrap\"><i class=\"icon-default-style iconsmind-Money-Bag\" data-color=\"extra-color-gradient-2\" style=\"font-size: 50px!important; line-height: 50px!important;\"><\/i><i class=\"icon-default-style hover-only iconsmind-Money-Bag\" data-color=\"white\" style=\"font-size: 50px!important; line-height: 50px!important;\"><\/i>\n<h3><span style=\"color: #000000\">Tax law<\/span><\/h3>\n<p style=\"font-weight: 400\"><span style=\"color: #000000\">Our lawyers have numerous years of experience within tax planning, consulting and assistance in matters of both domestic and international tax.<\/span><\/p>\n<\/div><\/div>  <a  href=\"https:\/\/melo.no\/en\/om-advokatfirmaet-melo\/kompetanse\/skatt\/\" class=\"box-link\"><\/a><\/div> <\/div>\n\t\t<\/div> \n\t<\/div>\n\t<\/div> \n\n\t<div  class=\"vc_col-sm-6 wpb_column column_container vc_column_container col padding-1-percent\"   data-t-w-inherits=\"default\" data-shadow=\"none\" data-border-radius=\"none\" data-border-animation=\"\" data-border-animation-delay=\"\" data-border-width=\"none\" data-border-style=\"solid\" data-border-color=\"\" data-bg-cover=\"\" data-padding-pos=\"all\" data-has-bg-color=\"false\" data-bg-color=\"\" data-bg-opacity=\"1\" data-hover-bg=\"\" data-hover-bg-opacity=\"1\" data-animation=\"\" data-delay=\"0\"><div class=\"column-bg-overlay\"><\/div>\n\t\t<div class=\"vc_column-inner\">\n\t\t<div class=\"wpb_wrapper\">\n\t\t\t<div class=\"nectar-fancy-box\" data-style=\"color_box_hover\" data-animation=\"\" data-border=\"\" data-box-color-opacity=\"1\" data-delay=\"\" data-alignment=\"left\" data-color=\"extra-color-gradient-2\" ><div class=\"box-inner-wrap\"><div class=\"box-bg\" ><\/div> <div class=\"inner\" style=\"min-height: 200px\"><div class=\"inner-wrap\"><i class=\"icon-default-style iconsmind-Worker\" data-color=\"extra-color-gradient-2\" style=\"font-size: 50px!important; line-height: 50px!important;\"><\/i><i class=\"icon-default-style hover-only iconsmind-Worker\" data-color=\"white\" style=\"font-size: 50px!important; line-height: 50px!important;\"><\/i>\n<h3><span style=\"color: #000000\">Labour law<\/span><\/h3>\n<p style=\"font-weight: 400\"><span style=\"color: #000000\">Our lawyers are often involved in the initial stages. However, they may also assist in finding favourable solutions in escalated situations.<\/span><\/p>\n<\/div><\/div>  <a  href=\"https:\/\/melo.no\/en\/om-advokatfirmaet-melo\/kompetanse\/arbeidsrett\/\" class=\"box-link\"><\/a><\/div> <\/div>\n\t\t<\/div> \n\t<\/div>\n\t<\/div> \n<\/div><\/div><div id=\"fws_69ec78e2c97a4\" data-midnight=\"\" data-column-margin=\"default\" data-bg-mobile-hidden=\"\" class=\"wpb_row vc_row-fluid vc_row inner_row standard_section\"  style=\"padding-top: 0px; padding-bottom: 0px; \"><div class=\"row-bg-wrap\"> <div class=\"row-bg\"  style=\"\"><\/div> <\/div><div class=\"col span_12  left\">\n\t<div  class=\"vc_col-sm-6 wpb_column column_container vc_column_container col padding-1-percent\"   data-t-w-inherits=\"default\" data-shadow=\"none\" data-border-radius=\"none\" data-border-animation=\"\" data-border-animation-delay=\"\" data-border-width=\"none\" data-border-style=\"solid\" data-border-color=\"\" data-bg-cover=\"\" data-padding-pos=\"all\" data-has-bg-color=\"false\" data-bg-color=\"\" data-bg-opacity=\"1\" data-hover-bg=\"\" data-hover-bg-opacity=\"1\" data-animation=\"\" data-delay=\"0\"><div class=\"column-bg-overlay\"><\/div>\n\t\t<div class=\"vc_column-inner\">\n\t\t<div class=\"wpb_wrapper\">\n\t\t\t<div class=\"nectar-fancy-box\" data-style=\"color_box_hover\" data-animation=\"\" data-border=\"\" data-box-color-opacity=\"1\" data-delay=\"\" data-alignment=\"left\" data-color=\"extra-color-gradient-2\" ><div class=\"box-inner-wrap\"><div class=\"box-bg\" ><\/div> <div class=\"inner\" style=\"min-height: 200px\"><div class=\"inner-wrap\"><i class=\"icon-default-style iconsmind-Warehouse\" data-color=\"extra-color-gradient-2\" style=\"font-size: 50px!important; line-height: 50px!important;\"><\/i><i class=\"icon-default-style hover-only iconsmind-Warehouse\" data-color=\"white\" style=\"font-size: 50px!important; line-height: 50px!important;\"><\/i>\n<h3><span style=\"color: #000000\">Real estate<\/span><\/h3>\n<p style=\"font-weight: 400\"><span style=\"color: #000000\">We provide companies and individuals assistance in real estate transactions in addition to other property law issues and disputes.<\/span><\/p>\n<\/div><\/div>  <a  href=\"https:\/\/melo.no\/en\/om-advokatfirmaet-melo\/kompetanse\/fast-eiendom\/\" class=\"box-link\"><\/a><\/div> <\/div>\n\t\t<\/div> \n\t<\/div>\n\t<\/div> \n\n\t<div  class=\"vc_col-sm-6 wpb_column column_container vc_column_container col padding-1-percent\"   data-t-w-inherits=\"default\" data-shadow=\"none\" data-border-radius=\"none\" data-border-animation=\"\" data-border-animation-delay=\"\" data-border-width=\"none\" data-border-style=\"solid\" data-border-color=\"\" data-bg-cover=\"\" data-padding-pos=\"all\" data-has-bg-color=\"false\" data-bg-color=\"\" data-bg-opacity=\"1\" data-hover-bg=\"\" data-hover-bg-opacity=\"1\" data-animation=\"\" data-delay=\"0\"><div class=\"column-bg-overlay\"><\/div>\n\t\t<div class=\"vc_column-inner\">\n\t\t<div class=\"wpb_wrapper\">\n\t\t\t<div class=\"nectar-fancy-box\" data-style=\"color_box_hover\" data-animation=\"\" data-border=\"\" data-box-color-opacity=\"1\" data-delay=\"\" data-alignment=\"left\" data-color=\"extra-color-gradient-2\" ><div class=\"box-inner-wrap\"><div class=\"box-bg\" ><\/div> <div class=\"inner\" style=\"min-height: 200px\"><div class=\"inner-wrap\"><i class=\"icon-default-style iconsmind-Newspaper\" data-color=\"extra-color-gradient-2\" style=\"font-size: 50px!important; line-height: 50px!important;\"><\/i><i class=\"icon-default-style hover-only iconsmind-Newspaper\" data-color=\"white\" style=\"font-size: 50px!important; line-height: 50px!important;\"><\/i>\n<h3><span style=\"color: #000000\">Contract law<\/span><\/h3>\n<p style=\"font-weight: 400\"><span style=\"color: #000000\">The most important work on an agreement is undertaken well before any pen is put to paper. With us in your team, you never start from scratch.<\/span><\/p>\n<\/div><\/div>  <a  href=\"https:\/\/melo.no\/en\/om-advokatfirmaet-melo\/kompetanse\/kontraktsrett\/\" class=\"box-link\"><\/a><\/div> <\/div>\n\t\t<\/div> \n\t<\/div>\n\t<\/div> \n<\/div><\/div><div id=\"fws_69ec78e2c9ad9\" data-midnight=\"\" data-column-margin=\"default\" data-bg-mobile-hidden=\"\" class=\"wpb_row vc_row-fluid vc_row inner_row standard_section\"  style=\"padding-top: 0px; padding-bottom: 0px; \"><div class=\"row-bg-wrap\"> <div class=\"row-bg\"  style=\"\"><\/div> <\/div><div class=\"col span_12  left\">\n\t<div  class=\"vc_col-sm-6 wpb_column column_container vc_column_container col padding-1-percent\"   data-t-w-inherits=\"default\" data-shadow=\"none\" data-border-radius=\"none\" data-border-animation=\"\" data-border-animation-delay=\"\" data-border-width=\"none\" data-border-style=\"solid\" data-border-color=\"\" data-bg-cover=\"\" data-padding-pos=\"all\" data-has-bg-color=\"false\" data-bg-color=\"\" data-bg-opacity=\"1\" data-hover-bg=\"\" data-hover-bg-opacity=\"1\" data-animation=\"\" data-delay=\"0\"><div class=\"column-bg-overlay\"><\/div>\n\t\t<div class=\"vc_column-inner\">\n\t\t<div class=\"wpb_wrapper\">\n\t\t\t<div class=\"nectar-fancy-box\" data-style=\"color_box_hover\" data-animation=\"\" data-border=\"\" data-box-color-opacity=\"1\" data-delay=\"\" data-alignment=\"left\" data-color=\"extra-color-gradient-2\" ><div class=\"box-inner-wrap\"><div class=\"box-bg\" ><\/div> <div class=\"inner\" style=\"min-height: 200px\"><div class=\"inner-wrap\"><i class=\"icon-default-style iconsmind-Transform-4\" data-color=\"extra-color-gradient-2\" style=\"font-size: 50px!important; line-height: 50px!important;\"><\/i><i class=\"icon-default-style hover-only iconsmind-Transform-4\" data-color=\"white\" style=\"font-size: 50px!important; line-height: 50px!important;\"><\/i>\n<h3><span style=\"color: #000000\">Transactions<\/span><\/h3>\n<p style=\"font-weight: 400\"><span style=\"color: #000000\">We assist smaller sized businesses and large corporates with their transactions and other corporate law issues and disputes.<\/span><\/p>\n<\/div><\/div>  <a  href=\"https:\/\/melo.no\/en\/om-advokatfirmaet-melo\/kompetanse\/selskapsrett\/\" class=\"box-link\"><\/a><\/div> <\/div>\n\t\t<\/div> \n\t<\/div>\n\t<\/div> \n\n\t<div  class=\"vc_col-sm-6 wpb_column column_container vc_column_container col padding-1-percent\"   data-t-w-inherits=\"default\" data-shadow=\"none\" data-border-radius=\"none\" data-border-animation=\"\" data-border-animation-delay=\"\" data-border-width=\"none\" data-border-style=\"solid\" data-border-color=\"\" data-bg-cover=\"\" data-padding-pos=\"all\" data-has-bg-color=\"false\" data-bg-color=\"\" data-bg-opacity=\"1\" data-hover-bg=\"\" data-hover-bg-opacity=\"1\" data-animation=\"\" data-delay=\"0\"><div class=\"column-bg-overlay\"><\/div>\n\t\t<div class=\"vc_column-inner\">\n\t\t<div class=\"wpb_wrapper\">\n\t\t\t<div class=\"nectar-fancy-box\" data-style=\"color_box_hover\" data-animation=\"\" data-border=\"\" data-box-color-opacity=\"1\" data-delay=\"\" data-alignment=\"left\" data-color=\"extra-color-gradient-2\" ><div class=\"box-inner-wrap\"><div class=\"box-bg\" ><\/div> <div class=\"inner\" style=\"min-height: 200px\"><div class=\"inner-wrap\"><i class=\"icon-default-style iconsmind-Affiliate\" data-color=\"extra-color-gradient-2\" style=\"font-size: 50px!important; line-height: 50px!important;\"><\/i><i class=\"icon-default-style hover-only iconsmind-Affiliate\" data-color=\"white\" style=\"font-size: 50px!important; line-height: 50px!important;\"><\/i>\n<h3><span style=\"color: #000000\">Dispute resolution<\/span><\/h3>\n<p><span style=\"color: #000000\">We believe in resolving disputes at the lowest possible level. Not just because it is the most process-efficient method, but because it also provides greater predictability and influence on the outcome of the case.<\/span><\/div><\/div>  <a  href=\"https:\/\/melo.no\/en\/om-advokatfirmaet-melo\/kompetanse\/tvistelosning-og-prosedyre\/\" class=\"box-link\"><\/a><\/div> <\/div>\n\t\t<\/div> \n\t<\/div>\n\t<\/div> \n<\/div><\/div>\n\t\t\t<\/div> \n\t\t<\/div>\n\t<\/div> \n<\/div><\/div>","protected":false},"excerpt":{"rendered":"V\u00e5re kompetanseomr\u00e5der Enkelte situasjoner kan virke helt fastl\u00e5st, og det kan v\u00e6re vanskelig \u00e5 se l\u00f8sninger n\u00e5r man st\u00e5r midt oppi det. Vi hjelper deg \u00e5 l\u00f8fte blikket. Kontakt oss...","protected":false},"author":186,"featured_media":0,"parent":5804,"menu_order":0,"comment_status":"closed","ping_status":"closed","template":"","meta":{"_analytify_skip_tracking":false,"footnotes":""},"class_list":["post-5772","page","type-page","status-publish"],"yoast_head":"<!-- This site is optimized with the Yoast SEO plugin v27.2 - https:\/\/yoast.com\/product\/yoast-seo-wordpress\/ -->\n<title>Kompetanse | Advokatfirmaet Mel\u00f8<\/title>\n<meta name=\"description\" content=\"Vi er spesialisert innen skatt og internasjonal beskatning, men har ogs\u00e5 lang erfaring p\u00e5 flere andre omr\u00e5der.\" \/>\n<meta name=\"robots\" content=\"index, follow, max-snippet:-1, max-image-preview:large, max-video-preview:-1\" \/>\n<link rel=\"canonical\" href=\"https:\/\/melo.no\/en\/om-advokatfirmaet-melo\/kompetanse\/\" \/>\n<meta name=\"twitter:label1\" content=\"Estimated reading time\" \/>\n\t<meta name=\"twitter:data1\" content=\"2 minutes\" \/>\n<script type=\"application\/ld+json\" class=\"yoast-schema-graph\">{\"@context\":\"https:\/\/schema.org\",\"@graph\":[{\"@type\":\"WebPage\",\"@id\":\"https:\/\/melo.no\/om-advokatfirmaet-melo\/kompetanse\/\",\"url\":\"https:\/\/melo.no\/om-advokatfirmaet-melo\/kompetanse\/\",\"name\":\"Kompetanse | Advokatfirmaet Mel\u00f8\",\"isPartOf\":{\"@id\":\"https:\/\/melono.wpengine.com\/#website\"},\"datePublished\":\"2019-03-13T22:11:00+00:00\",\"dateModified\":\"2026-03-07T08:05:02+00:00\",\"description\":\"Vi er spesialisert innen skatt og internasjonal beskatning, men har ogs\u00e5 lang erfaring p\u00e5 flere andre omr\u00e5der.\",\"breadcrumb\":{\"@id\":\"https:\/\/melo.no\/om-advokatfirmaet-melo\/kompetanse\/#breadcrumb\"},\"inLanguage\":\"en-GB\",\"potentialAction\":[{\"@type\":\"ReadAction\",\"target\":[\"https:\/\/melo.no\/om-advokatfirmaet-melo\/kompetanse\/\"]}]},{\"@type\":\"BreadcrumbList\",\"@id\":\"https:\/\/melo.no\/om-advokatfirmaet-melo\/kompetanse\/#breadcrumb\",\"itemListElement\":[{\"@type\":\"ListItem\",\"position\":1,\"name\":\"Hjem\",\"item\":\"https:\/\/melo.no\/\"},{\"@type\":\"ListItem\",\"position\":2,\"name\":\"Advokatfirmaet Mel\u00f8\",\"item\":\"https:\/\/melo.no\/om-advokatfirmaet-melo\/\"},{\"@type\":\"ListItem\",\"position\":3,\"name\":\"Kompetanse\"}]},{\"@type\":\"WebSite\",\"@id\":\"https:\/\/melono.wpengine.com\/#website\",\"url\":\"https:\/\/melono.wpengine.com\/\",\"name\":\"Advokatfirmaet Mel\u00f8 AS\",\"description\":\"Advokat Trondheim\",\"publisher\":{\"@id\":\"https:\/\/melono.wpengine.com\/#organization\"},\"potentialAction\":[{\"@type\":\"SearchAction\",\"target\":{\"@type\":\"EntryPoint\",\"urlTemplate\":\"https:\/\/melono.wpengine.com\/?s={search_term_string}\"},\"query-input\":{\"@type\":\"PropertyValueSpecification\",\"valueRequired\":true,\"valueName\":\"search_term_string\"}}],\"inLanguage\":\"en-GB\"},{\"@type\":\"Organization\",\"@id\":\"https:\/\/melono.wpengine.com\/#organization\",\"name\":\"Advokatfirmaet Mel\u00f8 AS\",\"url\":\"https:\/\/melono.wpengine.com\/\",\"logo\":{\"@type\":\"ImageObject\",\"inLanguage\":\"en-GB\",\"@id\":\"https:\/\/melono.wpengine.com\/#\/schema\/logo\/image\/\",\"url\":\"https:\/\/melo.no\/wp-content\/uploads\/2019\/03\/Logo-Mel\u00f8-65.png\",\"contentUrl\":\"https:\/\/melo.no\/wp-content\/uploads\/2019\/03\/Logo-Mel\u00f8-65.png\",\"width\":261,\"height\":65,\"caption\":\"Advokatfirmaet Mel\u00f8 AS\"},\"image\":{\"@id\":\"https:\/\/melono.wpengine.com\/#\/schema\/logo\/image\/\"},\"sameAs\":[\"https:\/\/www.facebook.com\/advokatmelo\/\",\"https:\/\/no.linkedin.com\/company\/advokatfirmaet-mel\"]}]}<\/script>\n<!-- \/ Yoast SEO plugin. -->","yoast_head_json":{"title":"Kompetanse | Advokatfirmaet Mel\u00f8","description":"We provide high-end expertise in the fields of tax and international taxation, as well as other areas of corporate law.","robots":{"index":"index","follow":"follow","max-snippet":"max-snippet:-1","max-image-preview":"max-image-preview:large","max-video-preview":"max-video-preview:-1"},"canonical":"https:\/\/melo.no\/en\/om-advokatfirmaet-melo\/kompetanse\/","twitter_misc":{"Estimated reading time":"2 minutes"},"schema":{"@context":"https:\/\/schema.org","@graph":[{"@type":"WebPage","@id":"https:\/\/melo.no\/om-advokatfirmaet-melo\/kompetanse\/","url":"https:\/\/melo.no\/om-advokatfirmaet-melo\/kompetanse\/","name":"Kompetanse | Advokatfirmaet Mel\u00f8","isPartOf":{"@id":"https:\/\/melono.wpengine.com\/#website"},"datePublished":"2019-03-13T22:11:00+00:00","dateModified":"2026-03-07T08:05:02+00:00","description":"We provide high-end expertise in the fields of tax and international taxation, as well as other areas of corporate law.","breadcrumb":{"@id":"https:\/\/melo.no\/om-advokatfirmaet-melo\/kompetanse\/#breadcrumb"},"inLanguage":"en-GB","potentialAction":[{"@type":"ReadAction","target":["https:\/\/melo.no\/om-advokatfirmaet-melo\/kompetanse\/"]}]},{"@type":"BreadcrumbList","@id":"https:\/\/melo.no\/om-advokatfirmaet-melo\/kompetanse\/#breadcrumb","itemListElement":[{"@type":"ListItem","position":1,"name":"Hjem","item":"https:\/\/melo.no\/"},{"@type":"ListItem","position":2,"name":"Advokatfirmaet Mel\u00f8","item":"https:\/\/melo.no\/om-advokatfirmaet-melo\/"},{"@type":"ListItem","position":3,"name":"Kompetanse"}]},{"@type":"WebSite","@id":"https:\/\/melono.wpengine.com\/#website","url":"https:\/\/melono.wpengine.com\/","name":"Advokatfirmaet Mel\u00f8 AS","description":"Trondheim","publisher":{"@id":"https:\/\/melono.wpengine.com\/#organization"},"potentialAction":[{"@type":"SearchAction","target":{"@type":"EntryPoint","urlTemplate":"https:\/\/melono.wpengine.com\/?s={search_term_string}"},"query-input":{"@type":"PropertyValueSpecification","valueRequired":true,"valueName":"search_term_string"}}],"inLanguage":"en-GB"},{"@type":"Organization","@id":"https:\/\/melono.wpengine.com\/#organization","name":"Advokatfirmaet Mel\u00f8 AS","url":"https:\/\/melono.wpengine.com\/","logo":{"@type":"ImageObject","inLanguage":"en-GB","@id":"https:\/\/melono.wpengine.com\/#\/schema\/logo\/image\/","url":"https:\/\/melo.no\/wp-content\/uploads\/2019\/03\/Logo-Mel\u00f8-65.png","contentUrl":"https:\/\/melo.no\/wp-content\/uploads\/2019\/03\/Logo-Mel\u00f8-65.png","width":261,"height":65,"caption":"Advokatfirmaet Mel\u00f8 AS"},"image":{"@id":"https:\/\/melono.wpengine.com\/#\/schema\/logo\/image\/"},"sameAs":["https:\/\/www.facebook.com\/advokatmelo\/","https:\/\/no.linkedin.com\/company\/advokatfirmaet-mel"]}]}},"_links":{"self":[{"href":"https:\/\/melo.no\/en\/wp-json\/wp\/v2\/pages\/5772","targetHints":{"allow":["GET"]}}],"collection":[{"href":"https:\/\/melo.no\/en\/wp-json\/wp\/v2\/pages"}],"about":[{"href":"https:\/\/melo.no\/en\/wp-json\/wp\/v2\/types\/page"}],"author":[{"embeddable":true,"href":"https:\/\/melo.no\/en\/wp-json\/wp\/v2\/users\/186"}],"replies":[{"embeddable":true,"href":"https:\/\/melo.no\/en\/wp-json\/wp\/v2\/comments?post=5772"}],"version-history":[{"count":0,"href":"https:\/\/melo.no\/en\/wp-json\/wp\/v2\/pages\/5772\/revisions"}],"up":[{"embeddable":true,"href":"https:\/\/melo.no\/en\/wp-json\/wp\/v2\/pages\/5804"}],"wp:attachment":[{"href":"https:\/\/melo.no\/en\/wp-json\/wp\/v2\/media?parent=5772"}],"curies":[{"name":"wp","href":"https:\/\/api.w.org\/{rel}","templated":true}]}}