{"id":17480,"date":"2024-12-05T10:20:08","date_gmt":"2024-12-05T09:20:08","guid":{"rendered":"https:\/\/melo.no\/?page_id=17480"},"modified":"2026-02-05T14:07:17","modified_gmt":"2026-02-05T13:07:17","slug":"skatt-i-filippinene","status":"publish","type":"page","link":"https:\/\/melo.no\/en\/om-advokatfirmaet-melo\/kompetanse\/skatt\/skatt-i-ulike-land\/skatt-i-filippinene\/","title":{"rendered":"Skatt i Filippinene"},"content":{"rendered":"<div id=\"fws_69d76b5a80f44\"  data-midnight=\"light\" data-top-percent=\"8%\" data-bottom-percent=\"8%\"  data-bg-mobile-hidden=\"\" class=\"wpb_row vc_row-fluid vc_row full-width-section parallax_section\"  style=\"padding-top: calc(100vw * 0.08); padding-bottom: calc(100vw * 0.08); \"><div class=\"row-bg-wrap\" data-bg-animation=\"none\"><div class=\"inner-wrap using-image\"><div class=\"row-bg using-image using-bg-color\" data-parallax-speed=\"fast\" style=\"background-image: url(https:\/\/melo.no\/wp-content\/uploads\/2024\/12\/Skatt-i-Filippinene.jpg); background-position: center center; background-repeat: no-repeat; background-color: #333333; \"><\/div><\/div><div class=\"row-bg-overlay\" style=\"background-color:rgba(10,10,10,0.78);  opacity: 0.95; \"><\/div><\/div><div class=\"col span_12 light left\">\n\t<div  class=\"vc_col-sm-12 wpb_column column_container vc_column_container col padding-2-percent\"  data-t-w-inherits=\"default\" data-border-radius=\"none\" data-shadow=\"none\" data-border-animation=\"\" data-border-animation-delay=\"\" data-border-width=\"none\" data-border-style=\"solid\" data-border-color=\"\" data-bg-cover=\"\" data-padding-pos=\"all\" data-has-bg-color=\"false\" data-bg-color=\"\" data-bg-opacity=\"1\" data-hover-bg=\"\" data-hover-bg-opacity=\"1\" data-animation=\"\" data-delay=\"0\" ><div class=\"column-bg-overlay\"><\/div>\n\t\t<div class=\"vc_column-inner\">\n\t\t\t<div class=\"wpb_wrapper\">\n\t\t\t\t<div id=\"fws_69d76b5a81327\" data-midnight=\"\" data-column-margin=\"default\" data-bg-mobile-hidden=\"\" class=\"wpb_row vc_row-fluid vc_row inner_row standard_section\"  style=\"padding-top: 0px; padding-bottom: 0px; \"><div class=\"row-bg-wrap\"> <div class=\"row-bg\"  style=\"\"><\/div> <\/div><div class=\"col span_12  left\">\n\t<div  class=\"vc_col-sm-6 wpb_column column_container vc_column_container col has-animation no-extra-padding\"   data-t-w-inherits=\"default\" data-shadow=\"none\" data-border-radius=\"none\" data-border-animation=\"\" data-border-animation-delay=\"\" data-border-width=\"none\" data-border-style=\"solid\" data-border-color=\"\" data-bg-cover=\"\" data-padding-pos=\"all\" data-has-bg-color=\"false\" data-bg-color=\"\" data-bg-opacity=\"1\" data-hover-bg=\"\" data-hover-bg-opacity=\"1\" data-animation=\"fade-in-from-bottom\" data-delay=\"0\"><div class=\"column-bg-overlay\"><\/div>\n\t\t<div class=\"vc_column-inner\">\n\t\t<div class=\"wpb_wrapper\">\n\t\t\t\r\n<div class=\"wpb_text_column wpb_content_element  vc_custom_1733390177767\" >\r\n\t<div class=\"wpb_wrapper\">\r\n\t\t<h4>Skatt i Filippinene<\/h4>\n\t<\/div>\r\n<\/div>\r\n\r\n\r\n\r\n\r\n<div class=\"wpb_text_column wpb_content_element  vc_custom_1733390191263\" >\r\n\t<div class=\"wpb_wrapper\">\r\n\t\t<h1 style=\"font-weight: 400;\">For deg som vurderer \u00e5 flytte til Filippinene<\/h1>\n\t<\/div>\r\n<\/div>\r\n\r\n\r\n\r\n\r\n<div class=\"wpb_text_column wpb_content_element  vc_custom_1733404397374\" style=\" max-width: 500px; display: inline-block;\">\r\n\t<div class=\"wpb_wrapper\">\r\n\t\t<p style=\"font-weight: 400;\">Det er gjerne en rekke faktorer \u00e5 ta i betraktning n\u00e5r man skal bestemme seg for et nytt sted \u00e5 bo. Skatt kan v\u00e6re \u00e9n av dem. Vi gir deg et overblikk over de mest grunnleggende personbeskatningsreglene i Filippinene.<\/p>\n\t<\/div>\r\n<\/div>\r\n\r\n\r\n\r\n\n\t\t<\/div> \n\t<\/div>\n\t<\/div> \n\n\t<div  class=\"vc_col-sm-6 wpb_column column_container vc_column_container col no-extra-padding\"   data-t-w-inherits=\"default\" data-shadow=\"none\" data-border-radius=\"none\" data-border-animation=\"\" data-border-animation-delay=\"\" data-border-width=\"none\" data-border-style=\"solid\" data-border-color=\"\" data-bg-cover=\"\" data-padding-pos=\"all\" data-has-bg-color=\"false\" data-bg-color=\"\" data-bg-opacity=\"1\" data-hover-bg=\"\" data-hover-bg-opacity=\"1\" data-animation=\"\" data-delay=\"0\"><div class=\"column-bg-overlay\"><\/div>\n\t\t<div class=\"vc_column-inner\">\n\t\t<div class=\"wpb_wrapper\">\n\t\t\t\n\t\t<\/div> \n\t<\/div>\n\t<\/div> \n<\/div><\/div>\n\t\t\t<\/div> \n\t\t<\/div>\n\t<\/div> \n<\/div><\/div>\n\t\t<div id=\"fws_69d76b5a8174a\"  data-midnight=\"dark\"  data-bg-mobile-hidden=\"\" class=\"wpb_row vc_row-fluid vc_row full-width-section standard_section\"  style=\"padding-top: 0px; padding-bottom: 0px; \"><div class=\"row-bg-wrap\" data-bg-animation=\"none\"><div class=\"inner-wrap\"><div class=\"row-bg using-bg-color\"  style=\"background-color: #f4f4f4; \"><\/div><\/div><div class=\"row-bg-overlay\" ><\/div><\/div><div class=\"col span_12 dark left\">\n\t<div  class=\"vc_col-sm-1 wpb_column column_container vc_column_container col no-extra-padding\"  data-t-w-inherits=\"default\" data-border-radius=\"none\" data-shadow=\"none\" data-border-animation=\"\" data-border-animation-delay=\"\" data-border-width=\"none\" data-border-style=\"solid\" data-border-color=\"\" data-bg-cover=\"\" data-padding-pos=\"all\" data-has-bg-color=\"false\" data-bg-color=\"\" data-bg-opacity=\"1\" data-hover-bg=\"\" data-hover-bg-opacity=\"1\" data-animation=\"\" data-delay=\"0\" ><div class=\"column-bg-overlay\"><\/div>\n\t\t<div class=\"vc_column-inner\">\n\t\t\t<div class=\"wpb_wrapper\">\n\t\t\t\t\n\t\t\t<\/div> \n\t\t<\/div>\n\t<\/div> \n\n\t<div  class=\"vc_col-sm-10 wpb_column column_container vc_column_container col centered-text no-extra-padding\"  data-t-w-inherits=\"default\" data-border-radius=\"none\" data-shadow=\"none\" data-border-animation=\"\" data-border-animation-delay=\"\" data-border-width=\"none\" data-border-style=\"solid\" data-border-color=\"\" data-bg-cover=\"\" data-padding-pos=\"all\" data-has-bg-color=\"false\" data-bg-color=\"\" data-bg-opacity=\"1\" data-hover-bg=\"\" data-hover-bg-opacity=\"1\" data-animation=\"\" data-delay=\"0\" ><div class=\"column-bg-overlay\"><\/div>\n\t\t<div class=\"vc_column-inner\">\n\t\t\t<div class=\"wpb_wrapper\">\n\t\t\t\t<div id=\"fws_69d76b5a818c5\" data-midnight=\"\" data-column-margin=\"default\" data-bg-mobile-hidden=\"\" class=\"wpb_row vc_row-fluid vc_row inner_row standard_section\"  style=\"padding-top: 0px; padding-bottom: 0px; \"><div class=\"row-bg-wrap\"> <div class=\"row-bg\"  style=\"\"><\/div> <\/div><div class=\"col span_12  left\">\n\t<div  class=\"vc_col-sm-4 wpb_column column_container vc_column_container col padding-4-percent\"   data-t-w-inherits=\"default\" data-shadow=\"none\" data-border-radius=\"none\" data-border-animation=\"\" data-border-animation-delay=\"\" data-border-width=\"none\" data-border-style=\"solid\" data-border-color=\"\" data-bg-cover=\"\" data-padding-pos=\"all\" data-has-bg-color=\"false\" data-bg-color=\"\" data-bg-opacity=\"1\" data-hover-bg=\"\" data-hover-bg-opacity=\"1\" data-animation=\"\" data-delay=\"0\"><div class=\"column-bg-overlay\"><\/div>\n\t\t<div class=\"vc_column-inner\">\n\t\t<div class=\"wpb_wrapper\">\n\t\t\t<div class=\"nectar-milestone\" data-symbol=\"%\" data-symbol-alignment=\"default\" data-symbol-pos=\"after\" data-symbol-size=\"62\" data-ms-align=\"default\" > <div class=\"number default\" data-number-size=\"92\"><h2><span>35<\/span><\/h2><\/div> <div class=\"subject\" style=\"padding: 2%;\">Marginal tax rate<\/div> <\/div>\n\t\t<\/div> \n\t<\/div>\n\t<\/div> \n\n\t<div  class=\"vc_col-sm-4 wpb_column column_container vc_column_container col padding-4-percent\"   data-t-w-inherits=\"default\" data-shadow=\"none\" data-border-radius=\"none\" data-border-animation=\"\" data-border-animation-delay=\"\" data-border-width=\"none\" data-border-style=\"solid\" data-border-color=\"\" data-bg-cover=\"\" data-padding-pos=\"all\" data-has-bg-color=\"false\" data-bg-color=\"\" data-bg-opacity=\"1\" data-hover-bg=\"\" data-hover-bg-opacity=\"1\" data-animation=\"\" data-delay=\"0\"><div class=\"column-bg-overlay\"><\/div>\n\t\t<div class=\"vc_column-inner\">\n\t\t<div class=\"wpb_wrapper\">\n\t\t\t<div class=\"nectar-milestone\" data-symbol=\"d\" data-symbol-alignment=\"default\" data-symbol-pos=\"after\" data-symbol-size=\"62\" data-ms-align=\"default\" > <div class=\"number default\" data-number-size=\"92\"><h2><span>180<\/span><\/h2><\/div> <div class=\"subject\" style=\"padding: 2%;\">Tax immigration rule<\/div> <\/div>\n\t\t<\/div> \n\t<\/div>\n\t<\/div> \n\n\t<div  class=\"vc_col-sm-4 wpb_column column_container vc_column_container col padding-4-percent\"   data-t-w-inherits=\"default\" data-shadow=\"none\" data-border-radius=\"none\" data-border-animation=\"\" data-border-animation-delay=\"\" data-border-width=\"none\" data-border-style=\"solid\" data-border-color=\"\" data-bg-cover=\"\" data-padding-pos=\"all\" data-has-bg-color=\"false\" data-bg-color=\"\" data-bg-opacity=\"1\" data-hover-bg=\"\" data-hover-bg-opacity=\"1\" data-animation=\"\" data-delay=\"0\"><div class=\"column-bg-overlay\"><\/div>\n\t\t<div class=\"vc_column-inner\">\n\t\t<div class=\"wpb_wrapper\">\n\t\t\t<div class=\"nectar-milestone\" data-symbol=\"%\" data-symbol-alignment=\"default\" data-symbol-pos=\"after\" data-symbol-size=\"62\" data-ms-align=\"default\" > <div class=\"number default\" data-number-size=\"92\"><h2><span>0<\/span><\/h2><\/div> <div class=\"subject\" style=\"padding: 2%;\">Wealth tax<\/div> <\/div>\n\t\t<\/div> \n\t<\/div>\n\t<\/div> \n<\/div><\/div>\n\t\t\t<\/div> \n\t\t<\/div>\n\t<\/div> \n\n\t<div  class=\"vc_col-sm-1 wpb_column column_container vc_column_container col no-extra-padding\"  data-t-w-inherits=\"default\" data-border-radius=\"none\" data-shadow=\"none\" data-border-animation=\"\" data-border-animation-delay=\"\" data-border-width=\"none\" data-border-style=\"solid\" data-border-color=\"\" data-bg-cover=\"\" data-padding-pos=\"all\" data-has-bg-color=\"false\" data-bg-color=\"\" data-bg-opacity=\"1\" data-hover-bg=\"\" data-hover-bg-opacity=\"1\" data-animation=\"\" data-delay=\"0\" ><div class=\"column-bg-overlay\"><\/div>\n\t\t<div class=\"vc_column-inner\">\n\t\t\t<div class=\"wpb_wrapper\">\n\t\t\t\t\n\t\t\t<\/div> \n\t\t<\/div>\n\t<\/div> \n<\/div><\/div>\n\t\t<div id=\"fws_69d76b5a81d51\"  data-midnight=\"dark\" data-top-percent=\"3%\" data-bottom-percent=\"3%\"  data-bg-mobile-hidden=\"\" class=\"wpb_row vc_row-fluid vc_row full-width-section standard_section\"  style=\"padding-top: calc(100vw * 0.03); padding-bottom: calc(100vw * 0.03); \"><div class=\"row-bg-wrap\" data-bg-animation=\"none\"><div class=\"inner-wrap\"><div class=\"row-bg\"  style=\"\"><\/div><\/div><div class=\"row-bg-overlay\" ><\/div><\/div><div class=\"col span_12 dark left\">\n\t<div  class=\"vc_col-sm-8 wpb_column column_container vc_column_container col padding-2-percent\"  data-t-w-inherits=\"default\" data-border-radius=\"none\" data-shadow=\"none\" data-border-animation=\"\" data-border-animation-delay=\"\" data-border-width=\"none\" data-border-style=\"solid\" data-border-color=\"\" data-bg-cover=\"\" data-padding-pos=\"all\" data-has-bg-color=\"false\" data-bg-color=\"\" data-bg-opacity=\"1\" data-hover-bg=\"\" data-hover-bg-opacity=\"1\" data-animation=\"\" data-delay=\"0\" ><div class=\"column-bg-overlay\"><\/div>\n\t\t<div class=\"vc_column-inner\">\n\t\t\t<div class=\"wpb_wrapper\">\n\t\t\t\t<h5 style=\"text-align: left\" class=\"vc_custom_heading\" >Overordnet om personbeskatning i Filippinene - oppdatert per 2025<\/h5><div class=\"toggles\" data-style=\"minimal\"><div class=\"toggle default\"><h3><a href=\"#\"><i class=\"icon-plus-sign\"><\/i>Hva skal til for \u00e5 etablere skattemessig bosted i Filippinene?<\/a><\/h3><div>\r\n<div class=\"wpb_text_column wpb_content_element\" >\r\n\t<div class=\"wpb_wrapper\">\r\n\t\t<p>Personer som oppholder seg i Filippinene i 180 dager eller mer i l\u00f8pet av et skatte\u00e5r, blir regnet som innflyttet og skattemessig bosatt.<\/p>\n\t<\/div>\r\n<\/div>\r\n\r\n\r\n\r\n<\/div><\/div><div class=\"toggle default\"><h3><a href=\"#\"><i class=\"icon-plus-sign\"><\/i>Hvilke inntekter er skattepliktig i Filippinene?<\/a><\/h3><div>\r\n<div class=\"wpb_text_column wpb_content_element\" >\r\n\t<div class=\"wpb_wrapper\">\r\n\t\t<p style=\"font-weight: 400;\">Bosatte skattytere blir skattlagt p\u00e5 global inntekt i Filippinene, mens ikke-bosatte skattytere blir skattlagt bare p\u00e5 inntekt med kilde i Filippinene.<\/p>\n\t<\/div>\r\n<\/div>\r\n\r\n\r\n\r\n<\/div><\/div><div class=\"toggle default\"><h3><a href=\"#\"><i class=\"icon-plus-sign\"><\/i>Hvilke skattesatser gjelder i Filippinene?<\/a><\/h3><div>\r\n<div class=\"wpb_text_column wpb_content_element\" >\r\n\t<div class=\"wpb_wrapper\">\r\n\t\t<p style=\"font-weight: 400;\">Filippinene har progressiv beskatning, med satser varierende fra 15 til 35%.<\/p>\n\t<\/div>\r\n<\/div>\r\n\r\n\r\n\r\n<\/div><\/div><div class=\"toggle default\"><h3><a href=\"#\"><i class=\"icon-plus-sign\"><\/i>Innvilger Filippinene kredit for utenlandsk skatt?<\/a><\/h3><div>\r\n<div class=\"wpb_text_column wpb_content_element\" >\r\n\t<div class=\"wpb_wrapper\">\r\n\t\t<p>Filippinene innr\u00f8mmer kreditfradrag for skatt betalt i utlandet, oppad begrenset til tilsvarende filippinsk skatt p\u00e5 den samme inntekten.<\/p>\n\t<\/div>\r\n<\/div>\r\n\r\n\r\n\r\n<\/div><\/div><div class=\"toggle default\"><h3><a href=\"#\"><i class=\"icon-plus-sign\"><\/i>Er det formuesskatt i Filippinene?<\/a><\/h3><div>\r\n<div class=\"wpb_text_column wpb_content_element\" >\r\n\t<div class=\"wpb_wrapper\">\r\n\t\t<p style=\"font-weight: 400;\">Filippinene\u00a0har ikke formuesskatt.<\/p>\n\t<\/div>\r\n<\/div>\r\n\r\n\r\n\r\n<\/div><\/div><div class=\"toggle default\"><h3><a href=\"#\"><i class=\"icon-plus-sign\"><\/i>N\u00e5r er skatte\u00e5ret i Filippinene?<\/a><\/h3><div>\r\n<div class=\"wpb_text_column wpb_content_element\" >\r\n\t<div class=\"wpb_wrapper\">\r\n\t\t<p>Skatte\u00e5ret f\u00f8lger kalender\u00e5ret i Filippinene.<\/p>\n\t<\/div>\r\n<\/div>\r\n\r\n\r\n\r\n<\/div><\/div><div class=\"toggle default\"><h3><a href=\"#\"><i class=\"icon-plus-sign\"><\/i>N\u00e5r m\u00e5 skattemeldingen leveres i Filippinene?<\/a><\/h3><div>\r\n<div class=\"wpb_text_column wpb_content_element\" >\r\n\t<div class=\"wpb_wrapper\">\r\n\t\t<p style=\"font-weight: 400;\">Den personlige skattemeldingen i Filippinene m\u00e5 leveres innen 15. april i \u00e5ret p\u00e5f\u00f8lgende skatte\u00e5ret.<\/p>\n\t<\/div>\r\n<\/div>\r\n\r\n\r\n\r\n<\/div><\/div><div class=\"toggle default\"><h3><a href=\"#\"><i class=\"icon-plus-sign\"><\/i>Hva heter Skatteetaten i Filippinene?<\/a><\/h3><div>\r\n<div class=\"wpb_text_column wpb_content_element\" >\r\n\t<div class=\"wpb_wrapper\">\r\n\t\t<p style=\"font-weight: 400;\">Navnet p\u00e5 de nasjonale skattemyndighetene i Filippinene er Bureau of Internal Revenue.<\/p>\n\t<\/div>\r\n<\/div>\r\n\r\n\r\n\r\n<\/div><\/div><div class=\"toggle default\"><h3><a href=\"#\"><i class=\"icon-plus-sign\"><\/i>Hvor mange land har Filippinene skatteavtale med?<\/a><\/h3><div>\r\n<div class=\"wpb_text_column wpb_content_element\" >\r\n\t<div class=\"wpb_wrapper\">\r\n\t\t<p>Filippinene har skatteavtale med ca. 40 land, inkludert Norge.<\/p>\n\t<\/div>\r\n<\/div>\r\n\r\n\r\n\r\n<\/div><\/div><div class=\"toggle default\"><h3><a href=\"#\"><i class=\"icon-plus-sign\"><\/i>Er det eiendomsskatt i Filippinene?<\/a><\/h3><div>\r\n<div class=\"wpb_text_column wpb_content_element\" >\r\n\t<div class=\"wpb_wrapper\">\r\n\t\t<p>Filippinene har eiendomsskatt. Satsene varierer opp til 3%, og fastsettes p\u00e5 grunnlag av eiendommens ligningsverdi.<\/p>\n\t<\/div>\r\n<\/div>\r\n\r\n\r\n\r\n<\/div><\/div><\/div>\r\n\r\n\r\n\r\n\r\n\r\n\r\n\r\n\r\n\r\n\r\n\r\n\r\n\r\n\r\n\r\n\r\n\r\n\r\n\r\n\n\t\t\t<\/div> \n\t\t<\/div>\n\t<\/div> \n\n\t<div  class=\"vc_col-sm-4 wpb_column column_container vc_column_container col padding-2-percent\"  data-t-w-inherits=\"default\" data-border-radius=\"none\" data-shadow=\"none\" data-border-animation=\"\" data-border-animation-delay=\"\" data-border-width=\"none\" data-border-style=\"solid\" data-border-color=\"\" data-bg-cover=\"\" data-padding-pos=\"all\" data-has-bg-color=\"false\" data-bg-color=\"\" data-bg-opacity=\"1\" data-hover-bg=\"\" data-hover-bg-opacity=\"1\" data-animation=\"\" data-delay=\"0\" ><div class=\"column-bg-overlay\"><\/div>\n\t\t<div class=\"vc_column-inner\">\n\t\t\t<div class=\"wpb_wrapper\">\n\t\t\t\t<h5 style=\"color: #000000;text-align: left\" class=\"vc_custom_heading\" >Contact<\/h5><div class=\"divider-wrap\" data-alignment=\"default\"><div style=\"margin-top: 12px; height: 1px; margin-bottom: 12px;\" data-width=\"100%\" data-animate=\"\" data-animation-delay=\"\" data-color=\"accent-color\" class=\"divider-border\"><\/div><\/div><div class=\"team-member\" data-style=\"meta_below\"><img decoding=\"async\" alt=\"Atle Mel\u00f8\" src=\"https:\/\/melo.no\/wp-content\/uploads\/2019\/03\/Atle_Mel\u00f8__0020-scaled.jpg\" title=\"Atle Mel\u00f8\" \/><h4 class=\"light\">Atle Mel\u00f8<\/h4><div class=\"position\">Partner<\/div><p class=\"description\">amelo@melo.no<br \/>\n+47 951 80 979<\/p><\/div>\n\t\t\t<\/div> \n\t\t<\/div>\n\t<\/div> \n<\/div><\/div>","protected":false},"excerpt":{"rendered":"Skatt i Filippinene For deg som vurderer \u00e5 flytte til Filippinene Det er gjerne en rekke faktorer \u00e5 ta i betraktning n\u00e5r man skal bestemme seg for et nytt sted...","protected":false},"author":188,"featured_media":0,"parent":17359,"menu_order":0,"comment_status":"closed","ping_status":"closed","template":"","meta":{"_analytify_skip_tracking":false,"footnotes":""},"class_list":["post-17480","page","type-page","status-publish"],"yoast_head":"<!-- This site is optimized with the Yoast SEO plugin v27.2 - https:\/\/yoast.com\/product\/yoast-seo-wordpress\/ -->\n<title>Skatt i Filippinene<\/title>\n<meta name=\"description\" content=\"For deg som vurderer \u00e5 flytte til Filippinene. Vi gir deg et overblikk over de mest grunnleggende personbeskatningsreglene i Filippinene.\" \/>\n<meta name=\"robots\" content=\"index, follow, max-snippet:-1, max-image-preview:large, max-video-preview:-1\" \/>\n<link rel=\"canonical\" href=\"https:\/\/melo.no\/en\/om-advokatfirmaet-melo\/kompetanse\/skatt\/skatt-i-ulike-land\/skatt-i-filippinene\/\" \/>\n<meta name=\"twitter:label1\" content=\"Estimated reading time\" \/>\n\t<meta name=\"twitter:data1\" content=\"3 minutes\" \/>\n<script type=\"application\/ld+json\" class=\"yoast-schema-graph\">{\"@context\":\"https:\/\/schema.org\",\"@graph\":[{\"@type\":\"WebPage\",\"@id\":\"https:\/\/melo.no\/om-advokatfirmaet-melo\/kompetanse\/skatt\/skatt-i-ulike-land\/skatt-i-filippinene\/\",\"url\":\"https:\/\/melo.no\/om-advokatfirmaet-melo\/kompetanse\/skatt\/skatt-i-ulike-land\/skatt-i-filippinene\/\",\"name\":\"Skatt i Filippinene\",\"isPartOf\":{\"@id\":\"https:\/\/melono.wpengine.com\/#website\"},\"datePublished\":\"2024-12-05T09:20:08+00:00\",\"dateModified\":\"2026-02-05T13:07:17+00:00\",\"description\":\"For deg som vurderer \u00e5 flytte til Filippinene. Vi gir deg et overblikk over de mest grunnleggende personbeskatningsreglene i Filippinene.\",\"breadcrumb\":{\"@id\":\"https:\/\/melo.no\/om-advokatfirmaet-melo\/kompetanse\/skatt\/skatt-i-ulike-land\/skatt-i-filippinene\/#breadcrumb\"},\"inLanguage\":\"en-GB\",\"potentialAction\":[{\"@type\":\"ReadAction\",\"target\":[\"https:\/\/melo.no\/om-advokatfirmaet-melo\/kompetanse\/skatt\/skatt-i-ulike-land\/skatt-i-filippinene\/\"]}]},{\"@type\":\"BreadcrumbList\",\"@id\":\"https:\/\/melo.no\/om-advokatfirmaet-melo\/kompetanse\/skatt\/skatt-i-ulike-land\/skatt-i-filippinene\/#breadcrumb\",\"itemListElement\":[{\"@type\":\"ListItem\",\"position\":1,\"name\":\"Hjem\",\"item\":\"https:\/\/melo.no\/\"},{\"@type\":\"ListItem\",\"position\":2,\"name\":\"Advokatfirmaet Mel\u00f8\",\"item\":\"https:\/\/melo.no\/om-advokatfirmaet-melo\/\"},{\"@type\":\"ListItem\",\"position\":3,\"name\":\"Kompetanse\",\"item\":\"https:\/\/melo.no\/om-advokatfirmaet-melo\/kompetanse\/\"},{\"@type\":\"ListItem\",\"position\":4,\"name\":\"Skatterett\",\"item\":\"https:\/\/melo.no\/om-advokatfirmaet-melo\/kompetanse\/skatt\/\"},{\"@type\":\"ListItem\",\"position\":5,\"name\":\"Skatt i ulike land\",\"item\":\"https:\/\/melo.no\/om-advokatfirmaet-melo\/kompetanse\/skatt\/skatt-i-ulike-land\/\"},{\"@type\":\"ListItem\",\"position\":6,\"name\":\"Skatt i Filippinene\"}]},{\"@type\":\"WebSite\",\"@id\":\"https:\/\/melono.wpengine.com\/#website\",\"url\":\"https:\/\/melono.wpengine.com\/\",\"name\":\"Advokatfirmaet Mel\u00f8 AS\",\"description\":\"Advokat Trondheim\",\"publisher\":{\"@id\":\"https:\/\/melono.wpengine.com\/#organization\"},\"potentialAction\":[{\"@type\":\"SearchAction\",\"target\":{\"@type\":\"EntryPoint\",\"urlTemplate\":\"https:\/\/melono.wpengine.com\/?s={search_term_string}\"},\"query-input\":{\"@type\":\"PropertyValueSpecification\",\"valueRequired\":true,\"valueName\":\"search_term_string\"}}],\"inLanguage\":\"en-GB\"},{\"@type\":\"Organization\",\"@id\":\"https:\/\/melono.wpengine.com\/#organization\",\"name\":\"Advokatfirmaet Mel\u00f8 AS\",\"url\":\"https:\/\/melono.wpengine.com\/\",\"logo\":{\"@type\":\"ImageObject\",\"inLanguage\":\"en-GB\",\"@id\":\"https:\/\/melono.wpengine.com\/#\/schema\/logo\/image\/\",\"url\":\"https:\/\/melo.no\/wp-content\/uploads\/2019\/03\/Logo-Mel\u00f8-65.png\",\"contentUrl\":\"https:\/\/melo.no\/wp-content\/uploads\/2019\/03\/Logo-Mel\u00f8-65.png\",\"width\":261,\"height\":65,\"caption\":\"Advokatfirmaet Mel\u00f8 AS\"},\"image\":{\"@id\":\"https:\/\/melono.wpengine.com\/#\/schema\/logo\/image\/\"},\"sameAs\":[\"https:\/\/www.facebook.com\/advokatmelo\/\",\"https:\/\/no.linkedin.com\/company\/advokatfirmaet-mel\"]}]}<\/script>\n<!-- \/ Yoast SEO plugin. -->","yoast_head_json":{"title":"Skatt i Filippinene","description":"For deg som vurderer \u00e5 flytte til Filippinene. Vi gir deg et overblikk over de mest grunnleggende personbeskatningsreglene i Filippinene.","robots":{"index":"index","follow":"follow","max-snippet":"max-snippet:-1","max-image-preview":"max-image-preview:large","max-video-preview":"max-video-preview:-1"},"canonical":"https:\/\/melo.no\/en\/om-advokatfirmaet-melo\/kompetanse\/skatt\/skatt-i-ulike-land\/skatt-i-filippinene\/","twitter_misc":{"Estimated reading time":"3 minutes"},"schema":{"@context":"https:\/\/schema.org","@graph":[{"@type":"WebPage","@id":"https:\/\/melo.no\/om-advokatfirmaet-melo\/kompetanse\/skatt\/skatt-i-ulike-land\/skatt-i-filippinene\/","url":"https:\/\/melo.no\/om-advokatfirmaet-melo\/kompetanse\/skatt\/skatt-i-ulike-land\/skatt-i-filippinene\/","name":"Skatt i Filippinene","isPartOf":{"@id":"https:\/\/melono.wpengine.com\/#website"},"datePublished":"2024-12-05T09:20:08+00:00","dateModified":"2026-02-05T13:07:17+00:00","description":"For deg som vurderer \u00e5 flytte til Filippinene. Vi gir deg et overblikk over de mest grunnleggende personbeskatningsreglene i Filippinene.","breadcrumb":{"@id":"https:\/\/melo.no\/om-advokatfirmaet-melo\/kompetanse\/skatt\/skatt-i-ulike-land\/skatt-i-filippinene\/#breadcrumb"},"inLanguage":"en-GB","potentialAction":[{"@type":"ReadAction","target":["https:\/\/melo.no\/om-advokatfirmaet-melo\/kompetanse\/skatt\/skatt-i-ulike-land\/skatt-i-filippinene\/"]}]},{"@type":"BreadcrumbList","@id":"https:\/\/melo.no\/om-advokatfirmaet-melo\/kompetanse\/skatt\/skatt-i-ulike-land\/skatt-i-filippinene\/#breadcrumb","itemListElement":[{"@type":"ListItem","position":1,"name":"Hjem","item":"https:\/\/melo.no\/"},{"@type":"ListItem","position":2,"name":"Advokatfirmaet Mel\u00f8","item":"https:\/\/melo.no\/om-advokatfirmaet-melo\/"},{"@type":"ListItem","position":3,"name":"Kompetanse","item":"https:\/\/melo.no\/om-advokatfirmaet-melo\/kompetanse\/"},{"@type":"ListItem","position":4,"name":"Skatterett","item":"https:\/\/melo.no\/om-advokatfirmaet-melo\/kompetanse\/skatt\/"},{"@type":"ListItem","position":5,"name":"Skatt i ulike land","item":"https:\/\/melo.no\/om-advokatfirmaet-melo\/kompetanse\/skatt\/skatt-i-ulike-land\/"},{"@type":"ListItem","position":6,"name":"Skatt i Filippinene"}]},{"@type":"WebSite","@id":"https:\/\/melono.wpengine.com\/#website","url":"https:\/\/melono.wpengine.com\/","name":"Advokatfirmaet Mel\u00f8 AS","description":"Trondheim","publisher":{"@id":"https:\/\/melono.wpengine.com\/#organization"},"potentialAction":[{"@type":"SearchAction","target":{"@type":"EntryPoint","urlTemplate":"https:\/\/melono.wpengine.com\/?s={search_term_string}"},"query-input":{"@type":"PropertyValueSpecification","valueRequired":true,"valueName":"search_term_string"}}],"inLanguage":"en-GB"},{"@type":"Organization","@id":"https:\/\/melono.wpengine.com\/#organization","name":"Advokatfirmaet Mel\u00f8 AS","url":"https:\/\/melono.wpengine.com\/","logo":{"@type":"ImageObject","inLanguage":"en-GB","@id":"https:\/\/melono.wpengine.com\/#\/schema\/logo\/image\/","url":"https:\/\/melo.no\/wp-content\/uploads\/2019\/03\/Logo-Mel\u00f8-65.png","contentUrl":"https:\/\/melo.no\/wp-content\/uploads\/2019\/03\/Logo-Mel\u00f8-65.png","width":261,"height":65,"caption":"Advokatfirmaet Mel\u00f8 AS"},"image":{"@id":"https:\/\/melono.wpengine.com\/#\/schema\/logo\/image\/"},"sameAs":["https:\/\/www.facebook.com\/advokatmelo\/","https:\/\/no.linkedin.com\/company\/advokatfirmaet-mel"]}]}},"_links":{"self":[{"href":"https:\/\/melo.no\/en\/wp-json\/wp\/v2\/pages\/17480","targetHints":{"allow":["GET"]}}],"collection":[{"href":"https:\/\/melo.no\/en\/wp-json\/wp\/v2\/pages"}],"about":[{"href":"https:\/\/melo.no\/en\/wp-json\/wp\/v2\/types\/page"}],"author":[{"embeddable":true,"href":"https:\/\/melo.no\/en\/wp-json\/wp\/v2\/users\/188"}],"replies":[{"embeddable":true,"href":"https:\/\/melo.no\/en\/wp-json\/wp\/v2\/comments?post=17480"}],"version-history":[{"count":0,"href":"https:\/\/melo.no\/en\/wp-json\/wp\/v2\/pages\/17480\/revisions"}],"up":[{"embeddable":true,"href":"https:\/\/melo.no\/en\/wp-json\/wp\/v2\/pages\/17359"}],"wp:attachment":[{"href":"https:\/\/melo.no\/en\/wp-json\/wp\/v2\/media?parent=17480"}],"curies":[{"name":"wp","href":"https:\/\/api.w.org\/{rel}","templated":true}]}}