{"id":17272,"date":"2024-06-12T12:24:28","date_gmt":"2024-06-12T10:24:28","guid":{"rendered":"https:\/\/melo.no\/?page_id=17272"},"modified":"2025-01-13T22:38:14","modified_gmt":"2025-01-13T21:38:14","slug":"samfunnsansvar","status":"publish","type":"page","link":"https:\/\/melo.no\/en\/om-advokatfirmaet-melo\/samfunnsansvar\/","title":{"rendered":"Corporate Social Responsibility"},"content":{"rendered":"<div id=\"fws_69e1a13a2d828\"  data-midnight=\"dark\"  data-bg-mobile-hidden=\"\" class=\"wpb_row vc_row-fluid vc_row full-width-content  vc_row-o-equal-height vc_row-flex  vc_row-o-content-middle standard_section\"  style=\"padding-top: 0px; padding-bottom: 0px; \"><div class=\"row-bg-wrap\" data-bg-animation=\"none\"><div class=\"inner-wrap\"><div class=\"row-bg\"  style=\"\"><\/div><\/div><div class=\"row-bg-overlay\" ><\/div><\/div><div class=\"col span_12 dark left\">\n\t<div style=\"\" class=\"vc_col-sm-6 wpb_column column_container vc_column_container col centered-text padding-10-percent\" data-using-bg=\"true\" data-t-w-inherits=\"default\" data-border-radius=\"none\" data-shadow=\"none\" data-border-animation=\"\" data-border-animation-delay=\"\" data-border-width=\"none\" data-border-style=\"solid\" data-border-color=\"\" data-bg-cover=\"\" data-padding-pos=\"all\" data-has-bg-color=\"true\" data-bg-color=\"#d1b48d\" data-bg-opacity=\"1\" data-hover-bg=\"\" data-hover-bg-opacity=\"1\" data-animation=\"\" data-delay=\"0\" ><div class=\"column-bg-overlay\" style=\"opacity: 1; background-color: #d1b48d;\"><\/div>\n\t\t<div class=\"vc_column-inner\">\n\t\t\t<div class=\"wpb_wrapper\">\n\t\t\t\t<div id=\"fws_69e1a13a2ddc2\" data-midnight=\"\" data-column-margin=\"default\" data-bg-mobile-hidden=\"\" class=\"wpb_row vc_row-fluid vc_row inner_row standard_section\"  style=\"padding-top: 0px; padding-bottom: 0px; \"><div class=\"row-bg-wrap\"> <div class=\"row-bg\"  style=\"\"><\/div> <\/div><div class=\"col span_12  left\">\n\t<div  class=\"vc_col-sm-12 wpb_column column_container vc_column_container col has-animation no-extra-padding\"   data-t-w-inherits=\"default\" data-shadow=\"none\" data-border-radius=\"none\" data-border-animation=\"\" data-border-animation-delay=\"\" data-border-width=\"none\" data-border-style=\"solid\" data-border-color=\"\" data-bg-cover=\"\" data-padding-pos=\"all\" data-has-bg-color=\"false\" data-bg-color=\"\" data-bg-opacity=\"1\" data-hover-bg=\"\" data-hover-bg-opacity=\"1\" data-animation=\"fade-in\" data-delay=\"0\"><div class=\"column-bg-overlay\"><\/div>\n\t\t<div class=\"vc_column-inner\">\n\t\t<div class=\"wpb_wrapper\">\n\t\t\t<div class=\"nectar_icon_wrap\" data-style=\"default\" data-draw=\"\" data-border-thickness=\"2px\" data-padding=\"20px\" data-color=\"extra-color-3\" style=\"\" >\r\n\t\t<div class=\"nectar_icon\" ><i style=\"font-size: 200px; line-height: 200px; height: 200px; width: 200px;\" class=\"iconsmind-Plant\"><\/i><\/div>\r\n\t<\/div>\r\n<div class=\"nectar-animated-title\" data-style=\"color-strip-reveal\" data-color=\"accent-color\">\r\n\t<div class=\"nectar-animated-title-outer\">\r\n\t\t<div class=\"nectar-animated-title-inner\">\r\n\t\t\t<div class=\"wrap\"><h1 style=\"color: #ffffff;\">Corporate Social Responsibility<\/h1><\/div>\r\n\t\t<\/div>\r\n\t<\/div>\r\n<\/div>\n\t\t<\/div> \n\t<\/div>\n\t<\/div> \n<\/div><\/div>\n\t\t\t<\/div> \n\t\t<\/div>\n\t<\/div> \n\n\t<div style=\"\" class=\"vc_col-sm-6 wpb_column column_container vc_column_container col centered-text padding-8-percent\" data-using-bg=\"true\" data-t-w-inherits=\"default\" data-border-radius=\"none\" data-shadow=\"none\" data-border-animation=\"\" data-border-animation-delay=\"\" data-border-width=\"none\" data-border-style=\"solid\" data-border-color=\"\" data-bg-cover=\"\" data-padding-pos=\"all\" data-has-bg-color=\"true\" data-bg-color=\"#f4f4f4\" data-bg-opacity=\"1\" data-hover-bg=\"\" data-hover-bg-opacity=\"1\" data-animation=\"\" data-delay=\"0\" ><div class=\"column-bg-overlay\" style=\"opacity: 1; background-color: #f4f4f4;\"><\/div>\n\t\t<div class=\"vc_column-inner\">\n\t\t\t<div class=\"wpb_wrapper\">\n\t\t\t\t\r\n<div class=\"nectar-animated-title\" data-style=\"color-strip-reveal\" data-color=\"accent-color\">\r\n\t<div class=\"nectar-animated-title-outer\">\r\n\t\t<div class=\"nectar-animated-title-inner\">\r\n\t\t\t<div class=\"wrap\"><h2 style=\"color: #ffffff;\">Everyone can do something.<\/h2><\/div>\r\n\t\t<\/div>\r\n\t<\/div>\r\n<\/div>\r\n<div class=\"nectar-animated-title\" data-style=\"color-strip-reveal\" data-color=\"accent-color\">\r\n\t<div class=\"nectar-animated-title-outer\">\r\n\t\t<div class=\"nectar-animated-title-inner\">\r\n\t\t\t<div class=\"wrap\"><h2 style=\"color: #ffffff;\">It is our aim to make that little difference.<\/h2><\/div>\r\n\t\t<\/div>\r\n\t<\/div>\r\n<\/div>\r\n<div class=\"nectar-animated-title\" data-style=\"color-strip-reveal\" data-color=\"accent-color\">\r\n\t<div class=\"nectar-animated-title-outer\">\r\n\t\t<div class=\"nectar-animated-title-inner\">\r\n\t\t\t<div class=\"wrap\"><h2 style=\"color: #ffffff;\">As such, we have chosen to support two organisations which do a lot of good, Plan and Amnesty International.<\/h2><\/div>\r\n\t\t<\/div>\r\n\t<\/div>\r\n<\/div>\n\t\t\t<\/div> \n\t\t<\/div>\n\t<\/div> \n<\/div><\/div>\n\t\t<div id=\"fws_69e1a13a2e889\"  data-midnight=\"dark\"  data-bg-mobile-hidden=\"\" class=\"wpb_row vc_row-fluid vc_row full-width-content  vc_row-o-equal-height vc_row-flex  vc_row-o-content-middle standard_section\"  style=\"padding-top: 0px; padding-bottom: 0px; \"><div class=\"row-bg-wrap\" data-bg-animation=\"none\"><div class=\"inner-wrap\"><div class=\"row-bg using-bg-color\"  style=\"background-color: #ffffff; \"><\/div><\/div><div class=\"row-bg-overlay\" ><\/div><\/div><div class=\"col span_12 dark left\">\n\t<div style=\"\" class=\"vc_col-sm-6 wpb_column column_container vc_column_container col padding-10-percent\" data-using-bg=\"true\" data-t-w-inherits=\"default\" data-border-radius=\"none\" data-shadow=\"none\" data-border-animation=\"\" data-border-animation-delay=\"\" data-border-width=\"none\" data-border-style=\"solid\" data-border-color=\"\" data-bg-cover=\"\" data-padding-pos=\"all\" data-has-bg-color=\"true\" data-bg-color=\"#f4f4f4\" data-bg-opacity=\"1\" data-hover-bg=\"\" data-hover-bg-opacity=\"1\" data-animation=\"\" data-delay=\"0\" ><div class=\"column-bg-overlay\" style=\"opacity: 1; background-color: #f4f4f4;\"><\/div>\n\t\t<div class=\"vc_column-inner\">\n\t\t\t<div class=\"wpb_wrapper\">\n\t\t\t\t<div id=\"fws_69e1a13a2ec11\" data-midnight=\"\" data-column-margin=\"default\" data-bg-mobile-hidden=\"\" class=\"wpb_row vc_row-fluid vc_row inner_row standard_section\"  style=\"padding-top: 0px; padding-bottom: 0px; \"><div class=\"row-bg-wrap\"> <div class=\"row-bg\"  style=\"\"><\/div> <\/div><div class=\"col span_12  left\">\n\t<div  class=\"vc_col-sm-12 wpb_column column_container vc_column_container col has-animation no-extra-padding\"   data-t-w-inherits=\"default\" data-shadow=\"none\" data-border-radius=\"none\" data-border-animation=\"\" data-border-animation-delay=\"\" data-border-width=\"none\" data-border-style=\"solid\" data-border-color=\"\" data-bg-cover=\"\" data-padding-pos=\"all\" data-has-bg-color=\"false\" data-bg-color=\"\" data-bg-opacity=\"1\" data-hover-bg=\"\" data-hover-bg-opacity=\"1\" data-animation=\"fade-in-from-bottom\" data-delay=\"0\"><div class=\"column-bg-overlay\"><\/div>\n\t\t<div class=\"vc_column-inner\">\n\t\t<div class=\"wpb_wrapper\">\n\t\t\t<h1 style=\"font-size: 40px;line-height: 50px;text-align: left\" class=\"vc_custom_heading\" >Plan<\/h1><p style=\"color: #000000;text-align: left\" class=\"vc_custom_heading\" >Plan International is a global development and humanitarian organisation, working to provide children with a brighter future and striving for a just world.<\/p>\n<p>Plan operates in more than 50 developing countries promoting children\u2019s rights through development and humanitarian projects in issues like health-care, education and protection from violence.<\/p><a class=\"nectar-button large see-through-2\"  style=\"margin-top: 30px; \" target=\"_blank\" href=\"https:\/\/www.plan-norge.no\" data-color-override=\"false\" data-hover-color-override=\"false\" data-hover-text-color-override=\"#ffffff\"><span>Read more and give your support<\/span><\/a>\n\t\t<\/div> \n\t<\/div>\n\t<\/div> \n<\/div><\/div>\n\t\t\t<\/div> \n\t\t<\/div>\n\t<\/div> \n\n\t<div style=\"\" class=\"vc_col-sm-6 wpb_column column_container vc_column_container col no-extra-padding\" data-using-bg=\"true\" data-t-w-inherits=\"default\" data-border-radius=\"none\" data-shadow=\"none\" data-border-animation=\"\" data-border-animation-delay=\"\" data-border-width=\"none\" data-border-style=\"solid\" data-border-color=\"\" data-bg-cover=\"true\" data-padding-pos=\"all\" data-has-bg-color=\"false\" data-bg-color=\"\" data-bg-opacity=\"1\" data-hover-bg=\"\" data-hover-bg-opacity=\"1\" data-animation=\"\" data-delay=\"0\" ><div class=\"column-image-bg-wrap\" data-bg-animation=\"none\"><div class=\"inner-wrap\"><div class=\"column-image-bg\" style=\" background-image: url('https:\/\/melo.no\/wp-content\/uploads\/2019\/03\/children-close-up-crowd-764681.jpg'); \"><\/div><\/div><\/div><div class=\"column-bg-overlay\"><\/div>\n\t\t<div class=\"vc_column-inner\">\n\t\t\t<div class=\"wpb_wrapper\">\n\t\t\t\t\n\t\t\t<\/div> \n\t\t<\/div>\n\t<\/div> \n<\/div><\/div>\n\t\t<div id=\"fws_69e1a13a2fae4\"  data-midnight=\"dark\"  data-bg-mobile-hidden=\"\" class=\"wpb_row vc_row-fluid vc_row full-width-content  vc_row-o-equal-height vc_row-flex  vc_row-o-content-middle standard_section\"  style=\"padding-top: 0px; padding-bottom: 0px; \"><div class=\"row-bg-wrap\" data-bg-animation=\"none\"><div class=\"inner-wrap\"><div class=\"row-bg\"  style=\"\"><\/div><\/div><div class=\"row-bg-overlay\" ><\/div><\/div><div class=\"col span_12 dark left\">\n\t<div style=\"\" class=\"vc_col-sm-6 wpb_column column_container vc_column_container col no-extra-padding\" data-using-bg=\"true\" data-t-w-inherits=\"default\" data-border-radius=\"none\" data-shadow=\"none\" data-border-animation=\"\" data-border-animation-delay=\"\" data-border-width=\"none\" data-border-style=\"solid\" data-border-color=\"\" data-bg-cover=\"true\" data-padding-pos=\"all\" data-has-bg-color=\"false\" data-bg-color=\"\" data-bg-opacity=\"1\" data-hover-bg=\"\" data-hover-bg-opacity=\"1\" data-animation=\"\" data-delay=\"0\" ><div class=\"column-image-bg-wrap\" data-bg-animation=\"none\"><div class=\"inner-wrap\"><div class=\"column-image-bg\" style=\" background-image: url('https:\/\/melo.no\/wp-content\/uploads\/2020\/11\/prison.jpg'); \"><\/div><\/div><\/div><div class=\"column-bg-overlay\"><\/div>\n\t\t<div class=\"vc_column-inner\">\n\t\t\t<div class=\"wpb_wrapper\">\n\t\t\t\t\n\t\t\t<\/div> \n\t\t<\/div>\n\t<\/div> \n\n\t<div style=\"\" class=\"vc_col-sm-6 wpb_column column_container vc_column_container col padding-10-percent\" data-using-bg=\"true\" data-t-w-inherits=\"default\" data-border-radius=\"none\" data-shadow=\"none\" data-border-animation=\"\" data-border-animation-delay=\"\" data-border-width=\"none\" data-border-style=\"solid\" data-border-color=\"\" data-bg-cover=\"\" data-padding-pos=\"all\" data-has-bg-color=\"true\" data-bg-color=\"#f4f4f4\" data-bg-opacity=\"1\" data-hover-bg=\"\" data-hover-bg-opacity=\"1\" data-animation=\"\" data-delay=\"0\" ><div class=\"column-bg-overlay\" style=\"opacity: 1; background-color: #f4f4f4;\"><\/div>\n\t\t<div class=\"vc_column-inner\">\n\t\t\t<div class=\"wpb_wrapper\">\n\t\t\t\t<div id=\"fws_69e1a13a3019a\" data-midnight=\"\" data-column-margin=\"default\" data-bg-mobile-hidden=\"\" class=\"wpb_row vc_row-fluid vc_row inner_row standard_section\"  style=\"padding-top: 0px; padding-bottom: 0px; \"><div class=\"row-bg-wrap\"> <div class=\"row-bg\"  style=\"\"><\/div> <\/div><div class=\"col span_12  left\">\n\t<div  class=\"vc_col-sm-12 wpb_column column_container vc_column_container col has-animation no-extra-padding\"   data-t-w-inherits=\"default\" data-shadow=\"none\" data-border-radius=\"none\" data-border-animation=\"\" data-border-animation-delay=\"\" data-border-width=\"none\" data-border-style=\"solid\" data-border-color=\"\" data-bg-cover=\"\" data-padding-pos=\"all\" data-has-bg-color=\"false\" data-bg-color=\"\" data-bg-opacity=\"1\" data-hover-bg=\"\" data-hover-bg-opacity=\"1\" data-animation=\"fade-in-from-bottom\" data-delay=\"0\"><div class=\"column-bg-overlay\"><\/div>\n\t\t<div class=\"vc_column-inner\">\n\t\t<div class=\"wpb_wrapper\">\n\t\t\t<h1 style=\"font-size: 40px;line-height: 50px;text-align: left\" class=\"vc_custom_heading\" >Amnesty International<\/h1><p style=\"color: #000000;text-align: left\" class=\"vc_custom_heading\" >We support Amnesty International and the work they do for Frontline Lawyers. For us, it is meaningful to have the opportunity to show our solidarity with lawyers worldwide.<\/p>\n<p>An important part of Amnesty's work is assisting individuals defending human rights around the entire world. Many of these are lawyers who run the risk of serious reprisals, some even their own lives doing work that is absolutely fundamental to the rule of law.<\/p>\n<p>Amnesty does not receive public funding. Thus, it is their financial contributors and activists around the world that enable them to maintain an independent voice forcing authorities to take responsibility.<\/p><a class=\"nectar-button large see-through-2\"  style=\"margin-top: 30px; \" target=\"_blank\" href=\"https:\/\/amnesty.no\" data-color-override=\"false\" data-hover-color-override=\"false\" data-hover-text-color-override=\"#ffffff\"><span>Read more and give your support<\/span><\/a>\n\t\t<\/div> \n\t<\/div>\n\t<\/div> \n<\/div><\/div>\n\t\t\t<\/div> \n\t\t<\/div>\n\t<\/div> \n<\/div><\/div>","protected":false},"excerpt":{"rendered":"Samfunnsansvar Ingen kan gj\u00f8re alt. Men alle kan gj\u00f8re litt. Vi st\u00f8tter to organisasjoner som utretter veldig mye godt p\u00e5 hvert sitt felt, Plan og Amnesty International. PlanFor \u00e5 gi...","protected":false},"author":188,"featured_media":0,"parent":5804,"menu_order":0,"comment_status":"closed","ping_status":"closed","template":"","meta":{"_analytify_skip_tracking":false,"footnotes":""},"class_list":["post-17272","page","type-page","status-publish"],"yoast_head":"<!-- This site is optimized with the Yoast SEO plugin v27.2 - https:\/\/yoast.com\/product\/yoast-seo-wordpress\/ -->\n<title>Samfunnsansvar | Advokatfirmaet Mel\u00f8<\/title>\n<meta name=\"description\" content=\"Ingen kan gj\u00f8re alt, men alle kan gj\u00f8re litt. Vi st\u00f8tter to organisasjoner som utretter veldig mye godt p\u00e5 hvert sitt felt, Plan og Amnesty.\" \/>\n<meta name=\"robots\" content=\"index, follow, max-snippet:-1, max-image-preview:large, max-video-preview:-1\" \/>\n<link rel=\"canonical\" href=\"https:\/\/melo.no\/en\/om-advokatfirmaet-melo\/samfunnsansvar\/\" \/>\n<meta name=\"twitter:label1\" content=\"Estimated reading time\" \/>\n\t<meta name=\"twitter:data1\" content=\"3 minutes\" \/>\n<script type=\"application\/ld+json\" class=\"yoast-schema-graph\">{\"@context\":\"https:\/\/schema.org\",\"@graph\":[{\"@type\":\"WebPage\",\"@id\":\"https:\/\/melo.no\/om-advokatfirmaet-melo\/samfunnsansvar\/\",\"url\":\"https:\/\/melo.no\/om-advokatfirmaet-melo\/samfunnsansvar\/\",\"name\":\"Samfunnsansvar | Advokatfirmaet Mel\u00f8\",\"isPartOf\":{\"@id\":\"https:\/\/melono.wpengine.com\/#website\"},\"datePublished\":\"2024-06-12T10:24:28+00:00\",\"dateModified\":\"2025-01-13T21:38:14+00:00\",\"description\":\"Ingen kan gj\u00f8re alt, men alle kan gj\u00f8re litt. Vi st\u00f8tter to organisasjoner som utretter veldig mye godt p\u00e5 hvert sitt felt, Plan og Amnesty.\",\"breadcrumb\":{\"@id\":\"https:\/\/melo.no\/om-advokatfirmaet-melo\/samfunnsansvar\/#breadcrumb\"},\"inLanguage\":\"en-GB\",\"potentialAction\":[{\"@type\":\"ReadAction\",\"target\":[\"https:\/\/melo.no\/om-advokatfirmaet-melo\/samfunnsansvar\/\"]}]},{\"@type\":\"BreadcrumbList\",\"@id\":\"https:\/\/melo.no\/om-advokatfirmaet-melo\/samfunnsansvar\/#breadcrumb\",\"itemListElement\":[{\"@type\":\"ListItem\",\"position\":1,\"name\":\"Hjem\",\"item\":\"https:\/\/melo.no\/\"},{\"@type\":\"ListItem\",\"position\":2,\"name\":\"Advokatfirmaet Mel\u00f8\",\"item\":\"https:\/\/melo.no\/om-advokatfirmaet-melo\/\"},{\"@type\":\"ListItem\",\"position\":3,\"name\":\"Samfunnsansvar\"}]},{\"@type\":\"WebSite\",\"@id\":\"https:\/\/melono.wpengine.com\/#website\",\"url\":\"https:\/\/melono.wpengine.com\/\",\"name\":\"Advokatfirmaet Mel\u00f8 AS\",\"description\":\"Advokat Trondheim\",\"publisher\":{\"@id\":\"https:\/\/melono.wpengine.com\/#organization\"},\"potentialAction\":[{\"@type\":\"SearchAction\",\"target\":{\"@type\":\"EntryPoint\",\"urlTemplate\":\"https:\/\/melono.wpengine.com\/?s={search_term_string}\"},\"query-input\":{\"@type\":\"PropertyValueSpecification\",\"valueRequired\":true,\"valueName\":\"search_term_string\"}}],\"inLanguage\":\"en-GB\"},{\"@type\":\"Organization\",\"@id\":\"https:\/\/melono.wpengine.com\/#organization\",\"name\":\"Advokatfirmaet Mel\u00f8 AS\",\"url\":\"https:\/\/melono.wpengine.com\/\",\"logo\":{\"@type\":\"ImageObject\",\"inLanguage\":\"en-GB\",\"@id\":\"https:\/\/melono.wpengine.com\/#\/schema\/logo\/image\/\",\"url\":\"https:\/\/melo.no\/wp-content\/uploads\/2019\/03\/Logo-Mel\u00f8-65.png\",\"contentUrl\":\"https:\/\/melo.no\/wp-content\/uploads\/2019\/03\/Logo-Mel\u00f8-65.png\",\"width\":261,\"height\":65,\"caption\":\"Advokatfirmaet Mel\u00f8 AS\"},\"image\":{\"@id\":\"https:\/\/melono.wpengine.com\/#\/schema\/logo\/image\/\"},\"sameAs\":[\"https:\/\/www.facebook.com\/advokatmelo\/\",\"https:\/\/no.linkedin.com\/company\/advokatfirmaet-mel\"]}]}<\/script>\n<!-- \/ Yoast SEO plugin. -->","yoast_head_json":{"title":"Samfunnsansvar | Advokatfirmaet Mel\u00f8","description":"Ingen kan gj\u00f8re alt, men alle kan gj\u00f8re litt. Vi st\u00f8tter to organisasjoner som utretter veldig mye godt p\u00e5 hvert sitt felt, Plan og Amnesty.","robots":{"index":"index","follow":"follow","max-snippet":"max-snippet:-1","max-image-preview":"max-image-preview:large","max-video-preview":"max-video-preview:-1"},"canonical":"https:\/\/melo.no\/en\/om-advokatfirmaet-melo\/samfunnsansvar\/","twitter_misc":{"Estimated reading time":"3 minutes"},"schema":{"@context":"https:\/\/schema.org","@graph":[{"@type":"WebPage","@id":"https:\/\/melo.no\/om-advokatfirmaet-melo\/samfunnsansvar\/","url":"https:\/\/melo.no\/om-advokatfirmaet-melo\/samfunnsansvar\/","name":"Samfunnsansvar | Advokatfirmaet Mel\u00f8","isPartOf":{"@id":"https:\/\/melono.wpengine.com\/#website"},"datePublished":"2024-06-12T10:24:28+00:00","dateModified":"2025-01-13T21:38:14+00:00","description":"Ingen kan gj\u00f8re alt, men alle kan gj\u00f8re litt. Vi st\u00f8tter to organisasjoner som utretter veldig mye godt p\u00e5 hvert sitt felt, Plan og Amnesty.","breadcrumb":{"@id":"https:\/\/melo.no\/om-advokatfirmaet-melo\/samfunnsansvar\/#breadcrumb"},"inLanguage":"en-GB","potentialAction":[{"@type":"ReadAction","target":["https:\/\/melo.no\/om-advokatfirmaet-melo\/samfunnsansvar\/"]}]},{"@type":"BreadcrumbList","@id":"https:\/\/melo.no\/om-advokatfirmaet-melo\/samfunnsansvar\/#breadcrumb","itemListElement":[{"@type":"ListItem","position":1,"name":"Hjem","item":"https:\/\/melo.no\/"},{"@type":"ListItem","position":2,"name":"Advokatfirmaet Mel\u00f8","item":"https:\/\/melo.no\/om-advokatfirmaet-melo\/"},{"@type":"ListItem","position":3,"name":"Samfunnsansvar"}]},{"@type":"WebSite","@id":"https:\/\/melono.wpengine.com\/#website","url":"https:\/\/melono.wpengine.com\/","name":"Advokatfirmaet Mel\u00f8 AS","description":"Trondheim","publisher":{"@id":"https:\/\/melono.wpengine.com\/#organization"},"potentialAction":[{"@type":"SearchAction","target":{"@type":"EntryPoint","urlTemplate":"https:\/\/melono.wpengine.com\/?s={search_term_string}"},"query-input":{"@type":"PropertyValueSpecification","valueRequired":true,"valueName":"search_term_string"}}],"inLanguage":"en-GB"},{"@type":"Organization","@id":"https:\/\/melono.wpengine.com\/#organization","name":"Advokatfirmaet Mel\u00f8 AS","url":"https:\/\/melono.wpengine.com\/","logo":{"@type":"ImageObject","inLanguage":"en-GB","@id":"https:\/\/melono.wpengine.com\/#\/schema\/logo\/image\/","url":"https:\/\/melo.no\/wp-content\/uploads\/2019\/03\/Logo-Mel\u00f8-65.png","contentUrl":"https:\/\/melo.no\/wp-content\/uploads\/2019\/03\/Logo-Mel\u00f8-65.png","width":261,"height":65,"caption":"Advokatfirmaet Mel\u00f8 AS"},"image":{"@id":"https:\/\/melono.wpengine.com\/#\/schema\/logo\/image\/"},"sameAs":["https:\/\/www.facebook.com\/advokatmelo\/","https:\/\/no.linkedin.com\/company\/advokatfirmaet-mel"]}]}},"_links":{"self":[{"href":"https:\/\/melo.no\/en\/wp-json\/wp\/v2\/pages\/17272","targetHints":{"allow":["GET"]}}],"collection":[{"href":"https:\/\/melo.no\/en\/wp-json\/wp\/v2\/pages"}],"about":[{"href":"https:\/\/melo.no\/en\/wp-json\/wp\/v2\/types\/page"}],"author":[{"embeddable":true,"href":"https:\/\/melo.no\/en\/wp-json\/wp\/v2\/users\/188"}],"replies":[{"embeddable":true,"href":"https:\/\/melo.no\/en\/wp-json\/wp\/v2\/comments?post=17272"}],"version-history":[{"count":0,"href":"https:\/\/melo.no\/en\/wp-json\/wp\/v2\/pages\/17272\/revisions"}],"up":[{"embeddable":true,"href":"https:\/\/melo.no\/en\/wp-json\/wp\/v2\/pages\/5804"}],"wp:attachment":[{"href":"https:\/\/melo.no\/en\/wp-json\/wp\/v2\/media?parent=17272"}],"curies":[{"name":"wp","href":"https:\/\/api.w.org\/{rel}","templated":true}]}}